{"id":3967,"date":"2026-03-03T16:14:01","date_gmt":"2026-03-03T15:14:01","guid":{"rendered":"https:\/\/www.elemiah.fr\/short-form-programs\/"},"modified":"2026-04-06T11:20:27","modified_gmt":"2026-04-06T10:20:27","slug":"short-form-programs","status":"publish","type":"page","link":"http:\/\/www.elemiah.fr\/en\/short-form-programs\/","title":{"rendered":"Short-Form Programs"},"content":{"rendered":"\t\t<div data-elementor-type=\"wp-page\" data-elementor-id=\"3967\" class=\"elementor elementor-3967 elementor-3543\">\n\t\t\t\t<div class=\"elementor-element elementor-element-8975951 e-flex e-con-boxed e-con e-parent\" data-id=\"8975951\" data-element_type=\"container\" data-e-type=\"container\">\n\t\t\t\t\t<div class=\"e-con-inner\">\n\t\t\t\t<div class=\"elementor-element elementor-element-96d606a elementor-widget elementor-widget-qi_addons_for_elementor_animated_text\" data-id=\"96d606a\" data-element_type=\"widget\" data-e-type=\"widget\" data-widget_type=\"qi_addons_for_elementor_animated_text.default\">\n\t\t\t\t<div class=\"elementor-widget-container\">\n\t\t\t\t\t<div class=\"qodef-shortcode qodef-m qodef-qi-animated-text qodef--alignment-left qodef-qi--has-appear qodef--appear-from-bottom\" >\n\t\t<h2 class=\"qodef-m-title\">\n\t\tShort-Form Programs\t<\/h2>\n<\/div>\n\t\t\t\t<\/div>\n\t\t\t\t<\/div>\n\t\t\t\t<div class=\"elementor-element elementor-element-8954faf elementor-widget elementor-widget-pelicula_core_highlight\" data-id=\"8954faf\" data-element_type=\"widget\" data-e-type=\"widget\" data-widget_type=\"pelicula_core_highlight.default\">\n\t\t\t\t<div class=\"elementor-widget-container\">\n\t\t\t\t\t<p class=\"qodef-shortcode qodef-m qodef-highlight\" style=\"color: #FFFFFF\">\n\t\t\tDiscover the short-form programs developed by Elemiah, dynamic and impactful formats designed to capture attention in just a few minutes. Through these short creations, we explore strong ideas, original situations, and efficient storytelling that goes straight to the point.<br>Short-form programming makes it possible to address contemporary themes with pace and creativity, while leaving room for humor, emotion, and surprise. Each project is built on precise writing and a clear concept, designed to make an impact from the very first seconds.\t<\/p>\t\t\t\t<\/div>\n\t\t\t\t<\/div>\n\t\t\t\t<div class=\"elementor-element elementor-element-900c354 elementor-widget elementor-widget-spacer\" data-id=\"900c354\" data-element_type=\"widget\" data-e-type=\"widget\" data-widget_type=\"spacer.default\">\n\t\t\t\t\t\t\t<div class=\"elementor-spacer\">\n\t\t\t<div class=\"elementor-spacer-inner\"><\/div>\n\t\t<\/div>\n\t\t\t\t\t\t<\/div>\n\t\t\t\t\t<\/div>\n\t\t\t\t<\/div>\n\t\t\t\t<section class=\"elementor-section elementor-top-section elementor-element elementor-element-947906c elementor-section-full_width qodef-elementor-content-grid elementor-section-height-default elementor-section-height-default\" data-id=\"947906c\" data-element_type=\"section\" data-e-type=\"section\">\n\t\t\t\t\t\t<div class=\"elementor-container elementor-column-gap-no\">\n\t\t\t\t\t<div class=\"elementor-column elementor-col-100 elementor-top-column elementor-element elementor-element-3acf35b\" data-id=\"3acf35b\" data-element_type=\"column\" data-e-type=\"column\">\n\t\t\t<div class=\"elementor-widget-wrap elementor-element-populated\">\n\t\t\t\t\t\t<div class=\"elementor-element elementor-element-dcf256e elementor-widget elementor-widget-pelicula_core_portfolio_list\" data-id=\"dcf256e\" data-element_type=\"widget\" data-e-type=\"widget\" data-widget_type=\"pelicula_core_portfolio_list.default\">\n\t\t\t\t<div class=\"elementor-widget-container\">\n\t\t\t\t\t<div class=\"qodef-shortcode qodef-m qodef-portfolio-list qodef-item-layout--info-on-hover qodef-grid qodef-layout--masonry qodef-gutter--normal qodef-col-num--2 qodef-item-layout--info-on-hover qodef-filter--on qodef-pagination--on qodef-pagination-type--load-more qodef-responsive--predefined qodef-hover-animation--fade-in\" data-options=\"{&quot;plugin&quot;:&quot;pelicula_core&quot;,&quot;module&quot;:&quot;post-types\\\/portfolio\\\/shortcodes&quot;,&quot;shortcode&quot;:&quot;portfolio-list&quot;,&quot;post_type&quot;:&quot;portfolio-item&quot;,&quot;next_page&quot;:&quot;2&quot;,&quot;max_pages_num&quot;:1,&quot;behavior&quot;:&quot;masonry&quot;,&quot;custom_proportions&quot;:&quot;no&quot;,&quot;images_proportion&quot;:&quot;full&quot;,&quot;columns&quot;:&quot;2&quot;,&quot;columns_responsive&quot;:&quot;predefined&quot;,&quot;columns_1440&quot;:&quot;3&quot;,&quot;columns_1366&quot;:&quot;3&quot;,&quot;columns_1024&quot;:&quot;3&quot;,&quot;columns_768&quot;:&quot;3&quot;,&quot;columns_680&quot;:&quot;3&quot;,&quot;columns_480&quot;:&quot;3&quot;,&quot;space&quot;:&quot;normal&quot;,&quot;posts_per_page&quot;:&quot;8&quot;,&quot;orderby&quot;:&quot;date&quot;,&quot;order&quot;:&quot;ASC&quot;,&quot;additional_params&quot;:&quot;tax&quot;,&quot;tax&quot;:&quot;portfolio-category&quot;,&quot;tax_slug&quot;:&quot;short-films&quot;,&quot;tax__in&quot;:&quot;59,63&quot;,&quot;layout&quot;:&quot;info-on-hover&quot;,&quot;hover_animation_info-below&quot;:&quot;tilt&quot;,&quot;hover_animation_info-follow&quot;:&quot;follow&quot;,&quot;hover_animation_info-on-hover&quot;:&quot;fade-in&quot;,&quot;title_tag&quot;:&quot;h4&quot;,&quot;custom_padding&quot;:&quot;no&quot;,&quot;enable_filter&quot;:&quot;yes&quot;,&quot;pagination_type&quot;:&quot;load-more&quot;,&quot;object_class_name&quot;:&quot;PeliculaCorePortfolioListShortcode&quot;,&quot;taxonomy_filter&quot;:&quot;portfolio-category&quot;,&quot;additional_query_args&quot;:{&quot;tax_query&quot;:[{&quot;taxonomy&quot;:&quot;portfolio-category&quot;,&quot;field&quot;:&quot;slug&quot;,&quot;terms&quot;:&quot;short-films&quot;}]},&quot;space_value&quot;:15}\">\n\t\t<div class=\"qodef-m-filter\">\n\t\t\t<\/div>\n\t<div class=\"qodef-grid-inner clear\">\n\t\t\t<div class=\"qodef-grid-masonry-sizer\"><\/div>\n\t<div class=\"qodef-grid-masonry-gutter\"><\/div>\n<article class=\"qodef-e qodef-grid-item post-3909 portfolio-item type-portfolio-item status-publish has-post-thumbnail hentry portfolio-category-short-films\">\n\t<div class=\"qodef-e-inner\" >\n\t\t<div class=\"qodef-e-image\">\n\t\t\t\t<div class=\"qodef-e-media-image\">\n\t\t<a itemprop=\"url\" href=\"http:\/\/www.elemiah.fr\/en\/portfolio-item\/demo-reel\/\" target=\"_self\">\n\t\t\t<img fetchpriority=\"high\" decoding=\"async\" width=\"526\" height=\"700\" src=\"http:\/\/www.elemiah.fr\/wp-content\/uploads\/2016\/01\/BANDE-DEMO.gif\" class=\"attachment-full size-full wp-post-image\" alt=\"\" \/>\t\t<\/a>\n\t<\/div>\n\t\t<\/div>\n\t\t<div class=\"qodef-e-content\">\n\t\t\t<div class=\"qodef-e-content-inner\">\n\t\t\t\t\t\t\t\t\t<a itemprop=\"url\" href=\"http:\/\/www.elemiah.fr\/en\/portfolio-item\/demo-reel\/\" target=\"_self\"><\/a>\n\t\t\t\t\t\t\t\t<h4 itemprop=\"name\" class=\"qodef-e-title entry-title qodef-e-title-main\" >\n\t<a itemprop=\"url\" class=\"qodef-e-title-link\" href=\"http:\/\/www.elemiah.fr\/en\/portfolio-item\/demo-reel\/\" target=\"_self\">\n\t\tDEMO REEL\t<\/a>\n<\/h4>\t\t\t\t<div class=\"qodef-e-info-category\">\n\t<a itemprop=\"url\" class=\"qodef-e-category\" href=\"http:\/\/www.elemiah.fr\/en\/portfolio-category\/short-films\/\">Short Films<\/a><\/div>\n\t\t\t<\/div>\n\t\t<\/div>\n\t<\/div>\n<\/article><article class=\"qodef-e qodef-grid-item post-3913 portfolio-item type-portfolio-item status-publish has-post-thumbnail hentry portfolio-category-short-films\">\n\t<div class=\"qodef-e-inner\" >\n\t\t<div class=\"qodef-e-image\">\n\t\t\t\t<div class=\"qodef-e-media-image\">\n\t\t<a itemprop=\"url\" href=\"http:\/\/www.elemiah.fr\/en\/portfolio-item\/how-to-say-thank-you\/\" target=\"_self\">\n\t\t\t<img decoding=\"async\" width=\"526\" height=\"700\" src=\"http:\/\/www.elemiah.fr\/wp-content\/uploads\/2015\/11\/COMMENT-VOUS-DIRE-AFFICHE.jpg\" class=\"attachment-full size-full wp-post-image\" alt=\"\" srcset=\"http:\/\/www.elemiah.fr\/wp-content\/uploads\/2015\/11\/COMMENT-VOUS-DIRE-AFFICHE.jpg 526w, http:\/\/www.elemiah.fr\/wp-content\/uploads\/2015\/11\/COMMENT-VOUS-DIRE-AFFICHE-225x300.jpg 225w\" sizes=\"(max-width: 526px) 100vw, 526px\" \/>\t\t<\/a>\n\t<\/div>\n\t\t<\/div>\n\t\t<div class=\"qodef-e-content\">\n\t\t\t<div class=\"qodef-e-content-inner\">\n\t\t\t\t\t\t\t\t\t<a itemprop=\"url\" href=\"http:\/\/www.elemiah.fr\/en\/portfolio-item\/how-to-say-thank-you\/\" target=\"_self\"><\/a>\n\t\t\t\t\t\t\t\t<h4 itemprop=\"name\" class=\"qodef-e-title entry-title qodef-e-title-main\" >\n\t<a itemprop=\"url\" class=\"qodef-e-title-link\" href=\"http:\/\/www.elemiah.fr\/en\/portfolio-item\/how-to-say-thank-you\/\" target=\"_self\">\n\t\tHOW TO SAY THANK YOU ?\t<\/a>\n<\/h4>\t\t\t\t<div class=\"qodef-e-info-category\">\n\t<a itemprop=\"url\" class=\"qodef-e-category\" href=\"http:\/\/www.elemiah.fr\/en\/portfolio-category\/short-films\/\">Short Films<\/a><\/div>\n\t\t\t<\/div>\n\t\t<\/div>\n\t<\/div>\n<\/article><article class=\"qodef-e qodef-grid-item post-3915 portfolio-item type-portfolio-item status-publish has-post-thumbnail hentry portfolio-category-short-films\">\n\t<div class=\"qodef-e-inner\" >\n\t\t<div class=\"qodef-e-image\">\n\t\t\t\t<div class=\"qodef-e-media-image\">\n\t\t<a itemprop=\"url\" href=\"http:\/\/www.elemiah.fr\/en\/portfolio-item\/first-chance\/\" target=\"_self\">\n\t\t\t<img decoding=\"async\" width=\"526\" height=\"700\" src=\"http:\/\/www.elemiah.fr\/wp-content\/uploads\/2016\/01\/premiere-chance.png\" class=\"attachment-full size-full wp-post-image\" alt=\"\" srcset=\"http:\/\/www.elemiah.fr\/wp-content\/uploads\/2016\/01\/premiere-chance.png 526w, http:\/\/www.elemiah.fr\/wp-content\/uploads\/2016\/01\/premiere-chance-225x300.png 225w\" sizes=\"(max-width: 526px) 100vw, 526px\" \/>\t\t<\/a>\n\t<\/div>\n\t\t<\/div>\n\t\t<div class=\"qodef-e-content\">\n\t\t\t<div class=\"qodef-e-content-inner\">\n\t\t\t\t\t\t\t\t\t<a itemprop=\"url\" href=\"http:\/\/www.elemiah.fr\/en\/portfolio-item\/first-chance\/\" target=\"_self\"><\/a>\n\t\t\t\t\t\t\t\t<h4 itemprop=\"name\" class=\"qodef-e-title entry-title qodef-e-title-main\" >\n\t<a itemprop=\"url\" class=\"qodef-e-title-link\" href=\"http:\/\/www.elemiah.fr\/en\/portfolio-item\/first-chance\/\" target=\"_self\">\n\t\tFIRST CHANCE\t<\/a>\n<\/h4>\t\t\t\t<div class=\"qodef-e-info-category\">\n\t<a itemprop=\"url\" class=\"qodef-e-category\" href=\"http:\/\/www.elemiah.fr\/en\/portfolio-category\/short-films\/\">Short Films<\/a><\/div>\n\t\t\t<\/div>\n\t\t<\/div>\n\t<\/div>\n<\/article><article class=\"qodef-e qodef-grid-item post-3917 portfolio-item type-portfolio-item status-publish has-post-thumbnail hentry portfolio-category-short-films\">\n\t<div class=\"qodef-e-inner\" >\n\t\t<div class=\"qodef-e-image\">\n\t\t\t\t<div class=\"qodef-e-media-image\">\n\t\t<a itemprop=\"url\" href=\"http:\/\/www.elemiah.fr\/en\/portfolio-item\/a-guide-to-women-engaged-in-activistism\/\" target=\"_self\">\n\t\t\t<img loading=\"lazy\" decoding=\"async\" width=\"716\" height=\"953\" src=\"http:\/\/www.elemiah.fr\/wp-content\/uploads\/2016\/01\/FEMMES1.gif\" class=\"attachment-full size-full wp-post-image\" alt=\"\" \/>\t\t<\/a>\n\t<\/div>\n\t\t<\/div>\n\t\t<div class=\"qodef-e-content\">\n\t\t\t<div class=\"qodef-e-content-inner\">\n\t\t\t\t\t\t\t\t\t<a itemprop=\"url\" href=\"http:\/\/www.elemiah.fr\/en\/portfolio-item\/a-guide-to-women-engaged-in-activistism\/\" target=\"_self\"><\/a>\n\t\t\t\t\t\t\t\t<h4 itemprop=\"name\" class=\"qodef-e-title entry-title qodef-e-title-main\" >\n\t<a itemprop=\"url\" class=\"qodef-e-title-link\" href=\"http:\/\/www.elemiah.fr\/en\/portfolio-item\/a-guide-to-women-engaged-in-activistism\/\" target=\"_self\">\n\t\tA GUIDE TO WOMEN ENGAGED IN ACTIVISTISM\t<\/a>\n<\/h4>\t\t\t\t<div class=\"qodef-e-info-category\">\n\t<a itemprop=\"url\" class=\"qodef-e-category\" href=\"http:\/\/www.elemiah.fr\/en\/portfolio-category\/short-films\/\">Short Films<\/a><\/div>\n\t\t\t<\/div>\n\t\t<\/div>\n\t<\/div>\n<\/article><article class=\"qodef-e qodef-grid-item post-3919 portfolio-item type-portfolio-item status-publish has-post-thumbnail hentry portfolio-category-short-films\">\n\t<div class=\"qodef-e-inner\" >\n\t\t<div class=\"qodef-e-image\">\n\t\t\t\t<div class=\"qodef-e-media-image\">\n\t\t<a itemprop=\"url\" href=\"http:\/\/www.elemiah.fr\/en\/portfolio-item\/to-register-is-to-vote\/\" target=\"_self\">\n\t\t\t<img loading=\"lazy\" decoding=\"async\" width=\"716\" height=\"953\" src=\"http:\/\/www.elemiah.fr\/wp-content\/uploads\/2016\/01\/VOTER-AFFICHE.gif\" class=\"attachment-full size-full wp-post-image\" alt=\"\" \/>\t\t<\/a>\n\t<\/div>\n\t\t<\/div>\n\t\t<div class=\"qodef-e-content\">\n\t\t\t<div class=\"qodef-e-content-inner\">\n\t\t\t\t\t\t\t\t\t<a itemprop=\"url\" href=\"http:\/\/www.elemiah.fr\/en\/portfolio-item\/to-register-is-to-vote\/\" target=\"_self\"><\/a>\n\t\t\t\t\t\t\t\t<h4 itemprop=\"name\" class=\"qodef-e-title entry-title qodef-e-title-main\" >\n\t<a itemprop=\"url\" class=\"qodef-e-title-link\" href=\"http:\/\/www.elemiah.fr\/en\/portfolio-item\/to-register-is-to-vote\/\" target=\"_self\">\n\t\tTO REGISTER IS TO VOTE\t<\/a>\n<\/h4>\t\t\t\t<div class=\"qodef-e-info-category\">\n\t<a itemprop=\"url\" class=\"qodef-e-category\" href=\"http:\/\/www.elemiah.fr\/en\/portfolio-category\/short-films\/\">Short Films<\/a><\/div>\n\t\t\t<\/div>\n\t\t<\/div>\n\t<\/div>\n<\/article>\t<\/div>\n\t<\/div>\t\t\t\t<\/div>\n\t\t\t\t<\/div>\n\t\t\t\t\t<\/div>\n\t\t<\/div>\n\t\t\t\t\t<\/div>\n\t\t<\/section>\n\t\t\t\t<\/div>\n\t\t","protected":false},"excerpt":{"rendered":"<p>Short-Form Programs Discover the short-form programs developed by Elemiah, dynamic and impactful formats designed to capture attention in just a few minutes. Through these short creations, we explore strong ideas, original situations, and efficient storytelling that goes straight to the point.Short-form programming makes it possible to address contemporary themes with pace and creativity, while leaving [&hellip;]<\/p>\n","protected":false},"author":3,"featured_media":0,"parent":0,"menu_order":0,"comment_status":"closed","ping_status":"closed","template":"page-full-width.php","meta":{"footnotes":""},"class_list":["post-3967","page","type-page","status-publish","hentry"],"yoast_head":"<!-- This site is optimized with the Yoast SEO plugin v27.3 - https:\/\/yoast.com\/product\/yoast-seo-wordpress\/ -->\n<title>Short-Form Programs - Elemiah<\/title>\n<meta name=\"description\" content=\"Discover Elemiah\u2019s short-form programs, creative and impactful formats that capture attention and explore contemporary subjects.\" \/>\n<meta name=\"robots\" content=\"index, follow, max-snippet:-1, max-image-preview:large, max-video-preview:-1\" \/>\n<link rel=\"canonical\" href=\"http:\/\/www.elemiah.fr\/en\/short-form-programs\/\" \/>\n<meta property=\"og:locale\" content=\"en_US\" \/>\n<meta property=\"og:type\" content=\"article\" \/>\n<meta property=\"og:title\" content=\"Short-Form Programs - Elemiah\" \/>\n<meta property=\"og:description\" content=\"Discover Elemiah\u2019s short-form programs, creative and impactful formats that capture attention and explore contemporary subjects.\" \/>\n<meta property=\"og:url\" content=\"http:\/\/www.elemiah.fr\/en\/short-form-programs\/\" \/>\n<meta property=\"og:site_name\" content=\"Elemiah\" \/>\n<meta property=\"article:modified_time\" content=\"2026-04-06T10:20:27+00:00\" \/>\n<meta property=\"og:image\" content=\"http:\/\/www.elemiah.fr\/wp-content\/uploads\/2016\/01\/BANDE-DEMO.gif\" \/>\n<meta name=\"twitter:card\" content=\"summary_large_image\" \/>\n<meta name=\"twitter:label1\" content=\"Est. reading time\" \/>\n\t<meta name=\"twitter:data1\" content=\"2 minutes\" \/>\n<script type=\"application\/ld+json\" class=\"yoast-schema-graph\">{\"@context\":\"https:\\\/\\\/schema.org\",\"@graph\":[{\"@type\":\"WebPage\",\"@id\":\"http:\\\/\\\/www.elemiah.fr\\\/en\\\/short-form-programs\\\/\",\"url\":\"http:\\\/\\\/www.elemiah.fr\\\/en\\\/short-form-programs\\\/\",\"name\":\"Short-Form Programs - Elemiah\",\"isPartOf\":{\"@id\":\"http:\\\/\\\/www.elemiah.fr\\\/en\\\/#website\"},\"primaryImageOfPage\":{\"@id\":\"http:\\\/\\\/www.elemiah.fr\\\/en\\\/short-form-programs\\\/#primaryimage\"},\"image\":{\"@id\":\"http:\\\/\\\/www.elemiah.fr\\\/en\\\/short-form-programs\\\/#primaryimage\"},\"thumbnailUrl\":\"http:\\\/\\\/www.elemiah.fr\\\/wp-content\\\/uploads\\\/2016\\\/01\\\/BANDE-DEMO.gif\",\"datePublished\":\"2026-03-03T15:14:01+00:00\",\"dateModified\":\"2026-04-06T10:20:27+00:00\",\"description\":\"Discover Elemiah\u2019s short-form programs, creative and impactful formats that capture attention and explore contemporary subjects.\",\"breadcrumb\":{\"@id\":\"http:\\\/\\\/www.elemiah.fr\\\/en\\\/short-form-programs\\\/#breadcrumb\"},\"inLanguage\":\"en-US\",\"potentialAction\":[{\"@type\":\"ReadAction\",\"target\":[\"http:\\\/\\\/www.elemiah.fr\\\/en\\\/short-form-programs\\\/\"]}]},{\"@type\":\"ImageObject\",\"inLanguage\":\"en-US\",\"@id\":\"http:\\\/\\\/www.elemiah.fr\\\/en\\\/short-form-programs\\\/#primaryimage\",\"url\":\"http:\\\/\\\/www.elemiah.fr\\\/wp-content\\\/uploads\\\/2016\\\/01\\\/BANDE-DEMO.gif\",\"contentUrl\":\"http:\\\/\\\/www.elemiah.fr\\\/wp-content\\\/uploads\\\/2016\\\/01\\\/BANDE-DEMO.gif\"},{\"@type\":\"BreadcrumbList\",\"@id\":\"http:\\\/\\\/www.elemiah.fr\\\/en\\\/short-form-programs\\\/#breadcrumb\",\"itemListElement\":[{\"@type\":\"ListItem\",\"position\":1,\"name\":\"Accueil\",\"item\":\"http:\\\/\\\/www.elemiah.fr\\\/en\\\/\"},{\"@type\":\"ListItem\",\"position\":2,\"name\":\"Short-Form Programs\"}]},{\"@type\":\"WebSite\",\"@id\":\"http:\\\/\\\/www.elemiah.fr\\\/en\\\/#website\",\"url\":\"http:\\\/\\\/www.elemiah.fr\\\/en\\\/\",\"name\":\"Elemiah\",\"description\":\"Soci\u00e9t\u00e9 de production de films engag\u00e9s\",\"publisher\":{\"@id\":\"http:\\\/\\\/www.elemiah.fr\\\/en\\\/#organization\"},\"potentialAction\":[{\"@type\":\"SearchAction\",\"target\":{\"@type\":\"EntryPoint\",\"urlTemplate\":\"http:\\\/\\\/www.elemiah.fr\\\/en\\\/?s={search_term_string}\"},\"query-input\":{\"@type\":\"PropertyValueSpecification\",\"valueRequired\":true,\"valueName\":\"search_term_string\"}}],\"inLanguage\":\"en-US\"},{\"@type\":\"Organization\",\"@id\":\"http:\\\/\\\/www.elemiah.fr\\\/en\\\/#organization\",\"name\":\"Elemiah\",\"url\":\"http:\\\/\\\/www.elemiah.fr\\\/en\\\/\",\"logo\":{\"@type\":\"ImageObject\",\"inLanguage\":\"en-US\",\"@id\":\"http:\\\/\\\/www.elemiah.fr\\\/en\\\/#\\\/schema\\\/logo\\\/image\\\/\",\"url\":\"https:\\\/\\\/www.elemiah.fr\\\/wp-content\\\/uploads\\\/2026\\\/03\\\/elemiah-logo-black.png\",\"contentUrl\":\"https:\\\/\\\/www.elemiah.fr\\\/wp-content\\\/uploads\\\/2026\\\/03\\\/elemiah-logo-black.png\",\"width\":1124,\"height\":370,\"caption\":\"Elemiah\"},\"image\":{\"@id\":\"http:\\\/\\\/www.elemiah.fr\\\/en\\\/#\\\/schema\\\/logo\\\/image\\\/\"}}]}<\/script>\n<!-- \/ Yoast SEO plugin. -->","yoast_head_json":{"title":"Short-Form Programs - Elemiah","description":"Discover Elemiah\u2019s short-form programs, creative and impactful formats that capture attention and explore contemporary subjects.","robots":{"index":"index","follow":"follow","max-snippet":"max-snippet:-1","max-image-preview":"max-image-preview:large","max-video-preview":"max-video-preview:-1"},"canonical":"http:\/\/www.elemiah.fr\/en\/short-form-programs\/","og_locale":"en_US","og_type":"article","og_title":"Short-Form Programs - Elemiah","og_description":"Discover Elemiah\u2019s short-form programs, creative and impactful formats that capture attention and explore contemporary subjects.","og_url":"http:\/\/www.elemiah.fr\/en\/short-form-programs\/","og_site_name":"Elemiah","article_modified_time":"2026-04-06T10:20:27+00:00","og_image":[{"url":"http:\/\/www.elemiah.fr\/wp-content\/uploads\/2016\/01\/BANDE-DEMO.gif","type":"","width":"","height":""}],"twitter_card":"summary_large_image","twitter_misc":{"Est. reading time":"2 minutes"},"schema":{"@context":"https:\/\/schema.org","@graph":[{"@type":"WebPage","@id":"http:\/\/www.elemiah.fr\/en\/short-form-programs\/","url":"http:\/\/www.elemiah.fr\/en\/short-form-programs\/","name":"Short-Form Programs - Elemiah","isPartOf":{"@id":"http:\/\/www.elemiah.fr\/en\/#website"},"primaryImageOfPage":{"@id":"http:\/\/www.elemiah.fr\/en\/short-form-programs\/#primaryimage"},"image":{"@id":"http:\/\/www.elemiah.fr\/en\/short-form-programs\/#primaryimage"},"thumbnailUrl":"http:\/\/www.elemiah.fr\/wp-content\/uploads\/2016\/01\/BANDE-DEMO.gif","datePublished":"2026-03-03T15:14:01+00:00","dateModified":"2026-04-06T10:20:27+00:00","description":"Discover Elemiah\u2019s short-form programs, creative and impactful formats that capture attention and explore contemporary subjects.","breadcrumb":{"@id":"http:\/\/www.elemiah.fr\/en\/short-form-programs\/#breadcrumb"},"inLanguage":"en-US","potentialAction":[{"@type":"ReadAction","target":["http:\/\/www.elemiah.fr\/en\/short-form-programs\/"]}]},{"@type":"ImageObject","inLanguage":"en-US","@id":"http:\/\/www.elemiah.fr\/en\/short-form-programs\/#primaryimage","url":"http:\/\/www.elemiah.fr\/wp-content\/uploads\/2016\/01\/BANDE-DEMO.gif","contentUrl":"http:\/\/www.elemiah.fr\/wp-content\/uploads\/2016\/01\/BANDE-DEMO.gif"},{"@type":"BreadcrumbList","@id":"http:\/\/www.elemiah.fr\/en\/short-form-programs\/#breadcrumb","itemListElement":[{"@type":"ListItem","position":1,"name":"Accueil","item":"http:\/\/www.elemiah.fr\/en\/"},{"@type":"ListItem","position":2,"name":"Short-Form Programs"}]},{"@type":"WebSite","@id":"http:\/\/www.elemiah.fr\/en\/#website","url":"http:\/\/www.elemiah.fr\/en\/","name":"Elemiah","description":"Soci\u00e9t\u00e9 de production de films engag\u00e9s","publisher":{"@id":"http:\/\/www.elemiah.fr\/en\/#organization"},"potentialAction":[{"@type":"SearchAction","target":{"@type":"EntryPoint","urlTemplate":"http:\/\/www.elemiah.fr\/en\/?s={search_term_string}"},"query-input":{"@type":"PropertyValueSpecification","valueRequired":true,"valueName":"search_term_string"}}],"inLanguage":"en-US"},{"@type":"Organization","@id":"http:\/\/www.elemiah.fr\/en\/#organization","name":"Elemiah","url":"http:\/\/www.elemiah.fr\/en\/","logo":{"@type":"ImageObject","inLanguage":"en-US","@id":"http:\/\/www.elemiah.fr\/en\/#\/schema\/logo\/image\/","url":"https:\/\/www.elemiah.fr\/wp-content\/uploads\/2026\/03\/elemiah-logo-black.png","contentUrl":"https:\/\/www.elemiah.fr\/wp-content\/uploads\/2026\/03\/elemiah-logo-black.png","width":1124,"height":370,"caption":"Elemiah"},"image":{"@id":"http:\/\/www.elemiah.fr\/en\/#\/schema\/logo\/image\/"}}]}},"_links":{"self":[{"href":"http:\/\/www.elemiah.fr\/en\/wp-json\/wp\/v2\/pages\/3967","targetHints":{"allow":["GET"]}}],"collection":[{"href":"http:\/\/www.elemiah.fr\/en\/wp-json\/wp\/v2\/pages"}],"about":[{"href":"http:\/\/www.elemiah.fr\/en\/wp-json\/wp\/v2\/types\/page"}],"author":[{"embeddable":true,"href":"http:\/\/www.elemiah.fr\/en\/wp-json\/wp\/v2\/users\/3"}],"replies":[{"embeddable":true,"href":"http:\/\/www.elemiah.fr\/en\/wp-json\/wp\/v2\/comments?post=3967"}],"version-history":[{"count":4,"href":"http:\/\/www.elemiah.fr\/en\/wp-json\/wp\/v2\/pages\/3967\/revisions"}],"predecessor-version":[{"id":3980,"href":"http:\/\/www.elemiah.fr\/en\/wp-json\/wp\/v2\/pages\/3967\/revisions\/3980"}],"wp:attachment":[{"href":"http:\/\/www.elemiah.fr\/en\/wp-json\/wp\/v2\/media?parent=3967"}],"curies":[{"name":"wp","href":"https:\/\/api.w.org\/{rel}","templated":true}]}}