{"id":3965,"date":"2026-03-02T20:24:33","date_gmt":"2026-03-02T19:24:33","guid":{"rendered":"https:\/\/www.elemiah.fr\/feature-films\/"},"modified":"2026-04-06T11:01:01","modified_gmt":"2026-04-06T10:01:01","slug":"feature-films","status":"publish","type":"page","link":"http:\/\/www.elemiah.fr\/en\/feature-films\/","title":{"rendered":"Feature Films"},"content":{"rendered":"\t\t<div data-elementor-type=\"wp-page\" data-elementor-id=\"3965\" class=\"elementor elementor-3965 elementor-3481\">\n\t\t\t\t<div class=\"elementor-element elementor-element-72c70d4 e-flex e-con-boxed e-con e-parent\" data-id=\"72c70d4\" data-element_type=\"container\" data-e-type=\"container\">\n\t\t\t\t\t<div class=\"e-con-inner\">\n\t\t\t\t<div class=\"elementor-element elementor-element-2a4b73e elementor-widget elementor-widget-qi_addons_for_elementor_animated_text\" data-id=\"2a4b73e\" data-element_type=\"widget\" data-e-type=\"widget\" data-widget_type=\"qi_addons_for_elementor_animated_text.default\">\n\t\t\t\t<div class=\"elementor-widget-container\">\n\t\t\t\t\t<div class=\"qodef-shortcode qodef-m qodef-qi-animated-text qodef--alignment-left qodef-qi--has-appear qodef--appear-from-bottom\" >\n\t\t<h1 class=\"qodef-m-title\">\n\t\tFeature Films\t<\/h1>\n<\/div>\n\t\t\t\t<\/div>\n\t\t\t\t<\/div>\n\t\t\t\t<div class=\"elementor-element elementor-element-d69a897 elementor-widget elementor-widget-pelicula_core_highlight\" data-id=\"d69a897\" data-element_type=\"widget\" data-e-type=\"widget\" data-widget_type=\"pelicula_core_highlight.default\">\n\t\t\t\t<div class=\"elementor-widget-container\">\n\t\t\t\t\t<p class=\"qodef-shortcode qodef-m qodef-highlight\" style=\"color: #FFFFFF\">\n\t\t\tDiscover our feature films and the cinematic universe developed by Elemiah. Through fiction films rooted in reality, we explore the dynamics of our society, human journeys, and the contemporary issues that shape our times.<br>Each feature film is conceived as a singular work, driven by strong writing, demanding direction, and a constant desire to tell stories that question, move, and inspire reflection. At Elemiah, cinema becomes a space for perspective and dialogue, where storytelling serves a thoughtful exploration of the world around us.\t<\/p>\t\t\t\t<\/div>\n\t\t\t\t<\/div>\n\t\t\t\t<div class=\"elementor-element elementor-element-10e27fb elementor-widget elementor-widget-spacer\" data-id=\"10e27fb\" data-element_type=\"widget\" data-e-type=\"widget\" data-widget_type=\"spacer.default\">\n\t\t\t\t\t\t\t<div class=\"elementor-spacer\">\n\t\t\t<div class=\"elementor-spacer-inner\"><\/div>\n\t\t<\/div>\n\t\t\t\t\t\t<\/div>\n\t\t\t\t\t<\/div>\n\t\t\t\t<\/div>\n\t\t\t\t<section class=\"elementor-section elementor-top-section elementor-element elementor-element-947906c elementor-section-full_width qodef-elementor-content-grid elementor-section-height-default elementor-section-height-default\" data-id=\"947906c\" data-element_type=\"section\" data-e-type=\"section\">\n\t\t\t\t\t\t<div class=\"elementor-container elementor-column-gap-no\">\n\t\t\t\t\t<div class=\"elementor-column elementor-col-100 elementor-top-column elementor-element elementor-element-3acf35b\" data-id=\"3acf35b\" data-element_type=\"column\" data-e-type=\"column\">\n\t\t\t<div class=\"elementor-widget-wrap elementor-element-populated\">\n\t\t\t\t\t\t<div class=\"elementor-element elementor-element-dcf256e elementor-widget elementor-widget-pelicula_core_portfolio_list\" data-id=\"dcf256e\" data-element_type=\"widget\" data-e-type=\"widget\" data-widget_type=\"pelicula_core_portfolio_list.default\">\n\t\t\t\t<div class=\"elementor-widget-container\">\n\t\t\t\t\t<div class=\"qodef-shortcode qodef-m qodef-portfolio-list qodef-item-layout--info-on-hover qodef-grid qodef-layout--masonry qodef-gutter--normal qodef-col-num--2 qodef-item-layout--info-on-hover qodef-filter--on qodef-pagination--on qodef-pagination-type--load-more qodef-responsive--predefined qodef-hover-animation--fade-in\" data-options=\"{&quot;plugin&quot;:&quot;pelicula_core&quot;,&quot;module&quot;:&quot;post-types\\\/portfolio\\\/shortcodes&quot;,&quot;shortcode&quot;:&quot;portfolio-list&quot;,&quot;post_type&quot;:&quot;portfolio-item&quot;,&quot;next_page&quot;:&quot;2&quot;,&quot;max_pages_num&quot;:1,&quot;behavior&quot;:&quot;masonry&quot;,&quot;custom_proportions&quot;:&quot;no&quot;,&quot;images_proportion&quot;:&quot;full&quot;,&quot;columns&quot;:&quot;2&quot;,&quot;columns_responsive&quot;:&quot;predefined&quot;,&quot;columns_1440&quot;:&quot;3&quot;,&quot;columns_1366&quot;:&quot;3&quot;,&quot;columns_1024&quot;:&quot;3&quot;,&quot;columns_768&quot;:&quot;3&quot;,&quot;columns_680&quot;:&quot;3&quot;,&quot;columns_480&quot;:&quot;3&quot;,&quot;space&quot;:&quot;normal&quot;,&quot;posts_per_page&quot;:&quot;8&quot;,&quot;orderby&quot;:&quot;date&quot;,&quot;order&quot;:&quot;ASC&quot;,&quot;additional_params&quot;:&quot;tax&quot;,&quot;tax&quot;:&quot;portfolio-category&quot;,&quot;tax_slug&quot;:&quot;feature-films&quot;,&quot;tax__in&quot;:&quot;59,63&quot;,&quot;layout&quot;:&quot;info-on-hover&quot;,&quot;hover_animation_info-below&quot;:&quot;tilt&quot;,&quot;hover_animation_info-follow&quot;:&quot;follow&quot;,&quot;hover_animation_info-on-hover&quot;:&quot;fade-in&quot;,&quot;title_tag&quot;:&quot;h4&quot;,&quot;custom_padding&quot;:&quot;no&quot;,&quot;enable_filter&quot;:&quot;yes&quot;,&quot;pagination_type&quot;:&quot;load-more&quot;,&quot;object_class_name&quot;:&quot;PeliculaCorePortfolioListShortcode&quot;,&quot;taxonomy_filter&quot;:&quot;portfolio-category&quot;,&quot;additional_query_args&quot;:{&quot;tax_query&quot;:[{&quot;taxonomy&quot;:&quot;portfolio-category&quot;,&quot;field&quot;:&quot;slug&quot;,&quot;terms&quot;:&quot;feature-films&quot;}]},&quot;space_value&quot;:15}\">\n\t\t<div class=\"qodef-m-filter\">\n\t\t\t<\/div>\n\t<div class=\"qodef-grid-inner clear\">\n\t\t\t<div class=\"qodef-grid-masonry-sizer\"><\/div>\n\t<div class=\"qodef-grid-masonry-gutter\"><\/div>\n<article class=\"qodef-e qodef-grid-item post-3841 portfolio-item type-portfolio-item status-publish hentry portfolio-category-feature-films portfolio-category-home\">\n\t<div class=\"qodef-e-inner\" >\n\t\t<div class=\"qodef-e-image\">\n\t\t\t\t\t<\/div>\n\t\t<div class=\"qodef-e-content\">\n\t\t\t<div class=\"qodef-e-content-inner\">\n\t\t\t\t\t\t\t\t\t<a itemprop=\"url\" href=\"http:\/\/www.elemiah.fr\/en\/portfolio-item\/the-brigade\/\" target=\"_self\"><\/a>\n\t\t\t\t\t\t\t\t<h4 itemprop=\"name\" class=\"qodef-e-title entry-title qodef-e-title-main\" >\n\t<a itemprop=\"url\" class=\"qodef-e-title-link\" href=\"http:\/\/www.elemiah.fr\/en\/portfolio-item\/the-brigade\/\" target=\"_self\">\n\t\tThe Brigade\t<\/a>\n<\/h4>\t\t\t\t<div class=\"qodef-e-info-category\">\n\t<a itemprop=\"url\" class=\"qodef-e-category\" href=\"http:\/\/www.elemiah.fr\/en\/portfolio-category\/feature-films\/\">Feature Films<\/a><a itemprop=\"url\" class=\"qodef-e-category\" href=\"http:\/\/www.elemiah.fr\/en\/portfolio-category\/home\/\">Home<\/a><\/div>\n\t\t\t<\/div>\n\t\t<\/div>\n\t<\/div>\n<\/article><article class=\"qodef-e qodef-grid-item post-3846 portfolio-item type-portfolio-item status-publish hentry portfolio-category-feature-films portfolio-category-home\">\n\t<div class=\"qodef-e-inner\" >\n\t\t<div class=\"qodef-e-image\">\n\t\t\t\t\t<\/div>\n\t\t<div class=\"qodef-e-content\">\n\t\t\t<div class=\"qodef-e-content-inner\">\n\t\t\t\t\t\t\t\t\t<a itemprop=\"url\" href=\"http:\/\/www.elemiah.fr\/en\/portfolio-item\/sisters\/\" target=\"_self\"><\/a>\n\t\t\t\t\t\t\t\t<h4 itemprop=\"name\" class=\"qodef-e-title entry-title qodef-e-title-main\" >\n\t<a itemprop=\"url\" class=\"qodef-e-title-link\" href=\"http:\/\/www.elemiah.fr\/en\/portfolio-item\/sisters\/\" target=\"_self\">\n\t\tSISTERS\t<\/a>\n<\/h4>\t\t\t\t<div class=\"qodef-e-info-category\">\n\t<a itemprop=\"url\" class=\"qodef-e-category\" href=\"http:\/\/www.elemiah.fr\/en\/portfolio-category\/feature-films\/\">Feature Films<\/a><a itemprop=\"url\" class=\"qodef-e-category\" href=\"http:\/\/www.elemiah.fr\/en\/portfolio-category\/home\/\">Home<\/a><\/div>\n\t\t\t<\/div>\n\t\t<\/div>\n\t<\/div>\n<\/article><article class=\"qodef-e qodef-grid-item post-3852 portfolio-item type-portfolio-item status-publish hentry portfolio-category-feature-films\">\n\t<div class=\"qodef-e-inner\" >\n\t\t<div class=\"qodef-e-image\">\n\t\t\t\t\t<\/div>\n\t\t<div class=\"qodef-e-content\">\n\t\t\t<div class=\"qodef-e-content-inner\">\n\t\t\t\t\t\t\t\t\t<a itemprop=\"url\" href=\"http:\/\/www.elemiah.fr\/en\/portfolio-item\/the-invisibles\/\" target=\"_self\"><\/a>\n\t\t\t\t\t\t\t\t<h4 itemprop=\"name\" class=\"qodef-e-title entry-title qodef-e-title-main\" >\n\t<a itemprop=\"url\" class=\"qodef-e-title-link\" href=\"http:\/\/www.elemiah.fr\/en\/portfolio-item\/the-invisibles\/\" target=\"_self\">\n\t\tThe Invisibles\t<\/a>\n<\/h4>\t\t\t\t<div class=\"qodef-e-info-category\">\n\t<a itemprop=\"url\" class=\"qodef-e-category\" href=\"http:\/\/www.elemiah.fr\/en\/portfolio-category\/feature-films\/\">Feature Films<\/a><\/div>\n\t\t\t<\/div>\n\t\t<\/div>\n\t<\/div>\n<\/article><article class=\"qodef-e qodef-grid-item post-3866 portfolio-item type-portfolio-item status-publish hentry portfolio-category-feature-films\">\n\t<div class=\"qodef-e-inner\" >\n\t\t<div class=\"qodef-e-image\">\n\t\t\t\t\t<\/div>\n\t\t<div class=\"qodef-e-content\">\n\t\t\t<div class=\"qodef-e-content-inner\">\n\t\t\t\t\t\t\t\t\t<a itemprop=\"url\" href=\"http:\/\/www.elemiah.fr\/en\/portfolio-item\/discount\/\" target=\"_self\"><\/a>\n\t\t\t\t\t\t\t\t<h4 itemprop=\"name\" class=\"qodef-e-title entry-title qodef-e-title-main\" >\n\t<a itemprop=\"url\" class=\"qodef-e-title-link\" href=\"http:\/\/www.elemiah.fr\/en\/portfolio-item\/discount\/\" target=\"_self\">\n\t\tDISCOUNT\t<\/a>\n<\/h4>\t\t\t\t<div class=\"qodef-e-info-category\">\n\t<a itemprop=\"url\" class=\"qodef-e-category\" href=\"http:\/\/www.elemiah.fr\/en\/portfolio-category\/feature-films\/\">Feature Films<\/a><\/div>\n\t\t\t<\/div>\n\t\t<\/div>\n\t<\/div>\n<\/article><article class=\"qodef-e qodef-grid-item post-3857 portfolio-item type-portfolio-item status-publish hentry portfolio-category-feature-films\">\n\t<div class=\"qodef-e-inner\" >\n\t\t<div class=\"qodef-e-image\">\n\t\t\t\t\t<\/div>\n\t\t<div class=\"qodef-e-content\">\n\t\t\t<div class=\"qodef-e-content-inner\">\n\t\t\t\t\t\t\t\t\t<a itemprop=\"url\" href=\"http:\/\/www.elemiah.fr\/en\/portfolio-item\/keep-your-name\/\" target=\"_self\"><\/a>\n\t\t\t\t\t\t\t\t<h4 itemprop=\"name\" class=\"qodef-e-title entry-title qodef-e-title-main\" >\n\t<a itemprop=\"url\" class=\"qodef-e-title-link\" href=\"http:\/\/www.elemiah.fr\/en\/portfolio-item\/keep-your-name\/\" target=\"_self\">\n\t\tKeep Your Name\t<\/a>\n<\/h4>\t\t\t\t<div class=\"qodef-e-info-category\">\n\t<a itemprop=\"url\" class=\"qodef-e-category\" href=\"http:\/\/www.elemiah.fr\/en\/portfolio-category\/feature-films\/\">Feature Films<\/a><\/div>\n\t\t\t<\/div>\n\t\t<\/div>\n\t<\/div>\n<\/article><article class=\"qodef-e qodef-grid-item post-3862 portfolio-item type-portfolio-item status-publish hentry portfolio-category-feature-films\">\n\t<div class=\"qodef-e-inner\" >\n\t\t<div class=\"qodef-e-image\">\n\t\t\t\t\t<\/div>\n\t\t<div class=\"qodef-e-content\">\n\t\t\t<div class=\"qodef-e-content-inner\">\n\t\t\t\t\t\t\t\t\t<a itemprop=\"url\" href=\"http:\/\/www.elemiah.fr\/en\/portfolio-item\/feet-on-the-ground\/\" target=\"_self\"><\/a>\n\t\t\t\t\t\t\t\t<h4 itemprop=\"name\" class=\"qodef-e-title entry-title qodef-e-title-main\" >\n\t<a itemprop=\"url\" class=\"qodef-e-title-link\" href=\"http:\/\/www.elemiah.fr\/en\/portfolio-item\/feet-on-the-ground\/\" target=\"_self\">\n\t\tFeet on the Ground\t<\/a>\n<\/h4>\t\t\t\t<div class=\"qodef-e-info-category\">\n\t<a itemprop=\"url\" class=\"qodef-e-category\" href=\"http:\/\/www.elemiah.fr\/en\/portfolio-category\/feature-films\/\">Feature Films<\/a><\/div>\n\t\t\t<\/div>\n\t\t<\/div>\n\t<\/div>\n<\/article><article class=\"qodef-e qodef-grid-item post-3869 portfolio-item type-portfolio-item status-publish has-post-thumbnail hentry portfolio-category-feature-films\">\n\t<div class=\"qodef-e-inner\" >\n\t\t<div class=\"qodef-e-image\">\n\t\t\t\t<div class=\"qodef-e-media-image\">\n\t\t<a itemprop=\"url\" href=\"http:\/\/www.elemiah.fr\/en\/portfolio-item\/anna-and-otto\/\" target=\"_self\">\n\t\t\t<img fetchpriority=\"high\" decoding=\"async\" width=\"2000\" height=\"3000\" src=\"http:\/\/www.elemiah.fr\/wp-content\/uploads\/2019\/01\/ANNA-ET-OTTO-2000x3000.jpg\" class=\"attachment-full size-full wp-post-image\" alt=\"\" srcset=\"http:\/\/www.elemiah.fr\/wp-content\/uploads\/2019\/01\/ANNA-ET-OTTO-2000x3000.jpg 2000w, http:\/\/www.elemiah.fr\/wp-content\/uploads\/2019\/01\/ANNA-ET-OTTO-2000x3000-200x300.jpg 200w, http:\/\/www.elemiah.fr\/wp-content\/uploads\/2019\/01\/ANNA-ET-OTTO-2000x3000-768x1152.jpg 768w, http:\/\/www.elemiah.fr\/wp-content\/uploads\/2019\/01\/ANNA-ET-OTTO-2000x3000-683x1024.jpg 683w\" sizes=\"(max-width: 2000px) 100vw, 2000px\" \/>\t\t<\/a>\n\t<\/div>\n\t\t<\/div>\n\t\t<div class=\"qodef-e-content\">\n\t\t\t<div class=\"qodef-e-content-inner\">\n\t\t\t\t\t\t\t\t\t<a itemprop=\"url\" href=\"http:\/\/www.elemiah.fr\/en\/portfolio-item\/anna-and-otto\/\" target=\"_self\"><\/a>\n\t\t\t\t\t\t\t\t<h4 itemprop=\"name\" class=\"qodef-e-title entry-title qodef-e-title-main\" >\n\t<a itemprop=\"url\" class=\"qodef-e-title-link\" href=\"http:\/\/www.elemiah.fr\/en\/portfolio-item\/anna-and-otto\/\" target=\"_self\">\n\t\tANNA AND OTTO\t<\/a>\n<\/h4>\t\t\t\t<div class=\"qodef-e-info-category\">\n\t<a itemprop=\"url\" class=\"qodef-e-category\" href=\"http:\/\/www.elemiah.fr\/en\/portfolio-category\/feature-films\/\">Feature Films<\/a><\/div>\n\t\t\t<\/div>\n\t\t<\/div>\n\t<\/div>\n<\/article>\t<\/div>\n\t<\/div>\t\t\t\t<\/div>\n\t\t\t\t<\/div>\n\t\t\t\t\t<\/div>\n\t\t<\/div>\n\t\t\t\t\t<\/div>\n\t\t<\/section>\n\t\t\t\t<\/div>\n\t\t","protected":false},"excerpt":{"rendered":"<p>Feature Films Discover our feature films and the cinematic universe developed by Elemiah. Through fiction films rooted in reality, we explore the dynamics of our society, human journeys, and the contemporary issues that shape our times.Each feature film is conceived as a singular work, driven by strong writing, demanding direction, and a constant desire to [&hellip;]<\/p>\n","protected":false},"author":3,"featured_media":0,"parent":0,"menu_order":0,"comment_status":"closed","ping_status":"closed","template":"page-full-width.php","meta":{"footnotes":""},"class_list":["post-3965","page","type-page","status-publish","hentry"],"yoast_head":"<!-- This site is optimized with the Yoast SEO plugin v27.3 - https:\/\/yoast.com\/product\/yoast-seo-wordpress\/ -->\n<title>Feature Films - Elemiah<\/title>\n<meta name=\"description\" content=\"Explore Elemiah\u2019s feature films, committed fiction works that tell powerful stories rooted in our society.\" \/>\n<meta name=\"robots\" content=\"index, follow, max-snippet:-1, max-image-preview:large, max-video-preview:-1\" \/>\n<link rel=\"canonical\" href=\"http:\/\/www.elemiah.fr\/en\/feature-films\/\" \/>\n<meta property=\"og:locale\" content=\"en_US\" \/>\n<meta property=\"og:type\" content=\"article\" \/>\n<meta property=\"og:title\" content=\"Feature Films - Elemiah\" \/>\n<meta property=\"og:description\" content=\"Explore Elemiah\u2019s feature films, committed fiction works that tell powerful stories rooted in our society.\" \/>\n<meta property=\"og:url\" content=\"http:\/\/www.elemiah.fr\/en\/feature-films\/\" \/>\n<meta property=\"og:site_name\" content=\"Elemiah\" \/>\n<meta property=\"article:modified_time\" content=\"2026-04-06T10:01:01+00:00\" \/>\n<meta property=\"og:image\" content=\"https:\/\/www.elemiah.fr\/wp-content\/uploads\/2022\/03\/1331267.jpg\" \/>\n<meta name=\"twitter:card\" content=\"summary_large_image\" \/>\n<meta name=\"twitter:label1\" content=\"Est. reading time\" \/>\n\t<meta name=\"twitter:data1\" content=\"1 minute\" \/>\n<script type=\"application\/ld+json\" class=\"yoast-schema-graph\">{\"@context\":\"https:\\\/\\\/schema.org\",\"@graph\":[{\"@type\":\"WebPage\",\"@id\":\"http:\\\/\\\/www.elemiah.fr\\\/en\\\/feature-films\\\/\",\"url\":\"http:\\\/\\\/www.elemiah.fr\\\/en\\\/feature-films\\\/\",\"name\":\"Feature Films - Elemiah\",\"isPartOf\":{\"@id\":\"http:\\\/\\\/www.elemiah.fr\\\/en\\\/#website\"},\"primaryImageOfPage\":{\"@id\":\"http:\\\/\\\/www.elemiah.fr\\\/en\\\/feature-films\\\/#primaryimage\"},\"image\":{\"@id\":\"http:\\\/\\\/www.elemiah.fr\\\/en\\\/feature-films\\\/#primaryimage\"},\"thumbnailUrl\":\"https:\\\/\\\/www.elemiah.fr\\\/wp-content\\\/uploads\\\/2022\\\/03\\\/1331267.jpg\",\"datePublished\":\"2026-03-02T19:24:33+00:00\",\"dateModified\":\"2026-04-06T10:01:01+00:00\",\"description\":\"Explore Elemiah\u2019s feature films, committed fiction works that tell powerful stories rooted in our society.\",\"breadcrumb\":{\"@id\":\"http:\\\/\\\/www.elemiah.fr\\\/en\\\/feature-films\\\/#breadcrumb\"},\"inLanguage\":\"en-US\",\"potentialAction\":[{\"@type\":\"ReadAction\",\"target\":[\"http:\\\/\\\/www.elemiah.fr\\\/en\\\/feature-films\\\/\"]}]},{\"@type\":\"ImageObject\",\"inLanguage\":\"en-US\",\"@id\":\"http:\\\/\\\/www.elemiah.fr\\\/en\\\/feature-films\\\/#primaryimage\",\"url\":\"https:\\\/\\\/www.elemiah.fr\\\/wp-content\\\/uploads\\\/2022\\\/03\\\/1331267.jpg\",\"contentUrl\":\"https:\\\/\\\/www.elemiah.fr\\\/wp-content\\\/uploads\\\/2022\\\/03\\\/1331267.jpg\"},{\"@type\":\"BreadcrumbList\",\"@id\":\"http:\\\/\\\/www.elemiah.fr\\\/en\\\/feature-films\\\/#breadcrumb\",\"itemListElement\":[{\"@type\":\"ListItem\",\"position\":1,\"name\":\"Accueil\",\"item\":\"https:\\\/\\\/www.elemiah.fr\\\/en\\\/\"},{\"@type\":\"ListItem\",\"position\":2,\"name\":\"Feature Films\"}]},{\"@type\":\"WebSite\",\"@id\":\"http:\\\/\\\/www.elemiah.fr\\\/en\\\/#website\",\"url\":\"http:\\\/\\\/www.elemiah.fr\\\/en\\\/\",\"name\":\"Elemiah\",\"description\":\"Soci\u00e9t\u00e9 de production de films engag\u00e9s\",\"publisher\":{\"@id\":\"http:\\\/\\\/www.elemiah.fr\\\/en\\\/#organization\"},\"potentialAction\":[{\"@type\":\"SearchAction\",\"target\":{\"@type\":\"EntryPoint\",\"urlTemplate\":\"http:\\\/\\\/www.elemiah.fr\\\/en\\\/?s={search_term_string}\"},\"query-input\":{\"@type\":\"PropertyValueSpecification\",\"valueRequired\":true,\"valueName\":\"search_term_string\"}}],\"inLanguage\":\"en-US\"},{\"@type\":\"Organization\",\"@id\":\"http:\\\/\\\/www.elemiah.fr\\\/en\\\/#organization\",\"name\":\"Elemiah\",\"url\":\"http:\\\/\\\/www.elemiah.fr\\\/en\\\/\",\"logo\":{\"@type\":\"ImageObject\",\"inLanguage\":\"en-US\",\"@id\":\"http:\\\/\\\/www.elemiah.fr\\\/en\\\/#\\\/schema\\\/logo\\\/image\\\/\",\"url\":\"https:\\\/\\\/www.elemiah.fr\\\/wp-content\\\/uploads\\\/2026\\\/03\\\/elemiah-logo-black.png\",\"contentUrl\":\"https:\\\/\\\/www.elemiah.fr\\\/wp-content\\\/uploads\\\/2026\\\/03\\\/elemiah-logo-black.png\",\"width\":1124,\"height\":370,\"caption\":\"Elemiah\"},\"image\":{\"@id\":\"http:\\\/\\\/www.elemiah.fr\\\/en\\\/#\\\/schema\\\/logo\\\/image\\\/\"}}]}<\/script>\n<!-- \/ Yoast SEO plugin. -->","yoast_head_json":{"title":"Feature Films - Elemiah","description":"Explore Elemiah\u2019s feature films, committed fiction works that tell powerful stories rooted in our society.","robots":{"index":"index","follow":"follow","max-snippet":"max-snippet:-1","max-image-preview":"max-image-preview:large","max-video-preview":"max-video-preview:-1"},"canonical":"http:\/\/www.elemiah.fr\/en\/feature-films\/","og_locale":"en_US","og_type":"article","og_title":"Feature Films - Elemiah","og_description":"Explore Elemiah\u2019s feature films, committed fiction works that tell powerful stories rooted in our society.","og_url":"http:\/\/www.elemiah.fr\/en\/feature-films\/","og_site_name":"Elemiah","article_modified_time":"2026-04-06T10:01:01+00:00","og_image":[{"url":"https:\/\/www.elemiah.fr\/wp-content\/uploads\/2022\/03\/1331267.jpg","type":"","width":"","height":""}],"twitter_card":"summary_large_image","twitter_misc":{"Est. reading time":"1 minute"},"schema":{"@context":"https:\/\/schema.org","@graph":[{"@type":"WebPage","@id":"http:\/\/www.elemiah.fr\/en\/feature-films\/","url":"http:\/\/www.elemiah.fr\/en\/feature-films\/","name":"Feature Films - Elemiah","isPartOf":{"@id":"http:\/\/www.elemiah.fr\/en\/#website"},"primaryImageOfPage":{"@id":"http:\/\/www.elemiah.fr\/en\/feature-films\/#primaryimage"},"image":{"@id":"http:\/\/www.elemiah.fr\/en\/feature-films\/#primaryimage"},"thumbnailUrl":"https:\/\/www.elemiah.fr\/wp-content\/uploads\/2022\/03\/1331267.jpg","datePublished":"2026-03-02T19:24:33+00:00","dateModified":"2026-04-06T10:01:01+00:00","description":"Explore Elemiah\u2019s feature films, committed fiction works that tell powerful stories rooted in our society.","breadcrumb":{"@id":"http:\/\/www.elemiah.fr\/en\/feature-films\/#breadcrumb"},"inLanguage":"en-US","potentialAction":[{"@type":"ReadAction","target":["http:\/\/www.elemiah.fr\/en\/feature-films\/"]}]},{"@type":"ImageObject","inLanguage":"en-US","@id":"http:\/\/www.elemiah.fr\/en\/feature-films\/#primaryimage","url":"https:\/\/www.elemiah.fr\/wp-content\/uploads\/2022\/03\/1331267.jpg","contentUrl":"https:\/\/www.elemiah.fr\/wp-content\/uploads\/2022\/03\/1331267.jpg"},{"@type":"BreadcrumbList","@id":"http:\/\/www.elemiah.fr\/en\/feature-films\/#breadcrumb","itemListElement":[{"@type":"ListItem","position":1,"name":"Accueil","item":"https:\/\/www.elemiah.fr\/en\/"},{"@type":"ListItem","position":2,"name":"Feature Films"}]},{"@type":"WebSite","@id":"http:\/\/www.elemiah.fr\/en\/#website","url":"http:\/\/www.elemiah.fr\/en\/","name":"Elemiah","description":"Soci\u00e9t\u00e9 de production de films engag\u00e9s","publisher":{"@id":"http:\/\/www.elemiah.fr\/en\/#organization"},"potentialAction":[{"@type":"SearchAction","target":{"@type":"EntryPoint","urlTemplate":"http:\/\/www.elemiah.fr\/en\/?s={search_term_string}"},"query-input":{"@type":"PropertyValueSpecification","valueRequired":true,"valueName":"search_term_string"}}],"inLanguage":"en-US"},{"@type":"Organization","@id":"http:\/\/www.elemiah.fr\/en\/#organization","name":"Elemiah","url":"http:\/\/www.elemiah.fr\/en\/","logo":{"@type":"ImageObject","inLanguage":"en-US","@id":"http:\/\/www.elemiah.fr\/en\/#\/schema\/logo\/image\/","url":"https:\/\/www.elemiah.fr\/wp-content\/uploads\/2026\/03\/elemiah-logo-black.png","contentUrl":"https:\/\/www.elemiah.fr\/wp-content\/uploads\/2026\/03\/elemiah-logo-black.png","width":1124,"height":370,"caption":"Elemiah"},"image":{"@id":"http:\/\/www.elemiah.fr\/en\/#\/schema\/logo\/image\/"}}]}},"_links":{"self":[{"href":"http:\/\/www.elemiah.fr\/en\/wp-json\/wp\/v2\/pages\/3965","targetHints":{"allow":["GET"]}}],"collection":[{"href":"http:\/\/www.elemiah.fr\/en\/wp-json\/wp\/v2\/pages"}],"about":[{"href":"http:\/\/www.elemiah.fr\/en\/wp-json\/wp\/v2\/types\/page"}],"author":[{"embeddable":true,"href":"http:\/\/www.elemiah.fr\/en\/wp-json\/wp\/v2\/users\/3"}],"replies":[{"embeddable":true,"href":"http:\/\/www.elemiah.fr\/en\/wp-json\/wp\/v2\/comments?post=3965"}],"version-history":[{"count":1,"href":"http:\/\/www.elemiah.fr\/en\/wp-json\/wp\/v2\/pages\/3965\/revisions"}],"predecessor-version":[{"id":3966,"href":"http:\/\/www.elemiah.fr\/en\/wp-json\/wp\/v2\/pages\/3965\/revisions\/3966"}],"wp:attachment":[{"href":"http:\/\/www.elemiah.fr\/en\/wp-json\/wp\/v2\/media?parent=3965"}],"curies":[{"name":"wp","href":"https:\/\/api.w.org\/{rel}","templated":true}]}}