{"id":3963,"date":"2026-03-03T15:46:52","date_gmt":"2026-03-03T14:46:52","guid":{"rendered":"https:\/\/www.elemiah.fr\/tv-fiction\/"},"modified":"2026-04-06T11:17:48","modified_gmt":"2026-04-06T10:17:48","slug":"tv-fiction","status":"publish","type":"page","link":"http:\/\/www.elemiah.fr\/en\/tv-fiction\/","title":{"rendered":"TV Fiction"},"content":{"rendered":"\t\t<div data-elementor-type=\"wp-page\" data-elementor-id=\"3963\" class=\"elementor elementor-3963 elementor-3530\">\n\t\t\t\t<div class=\"elementor-element elementor-element-79ffe31 e-flex e-con-boxed e-con e-parent\" data-id=\"79ffe31\" data-element_type=\"container\" data-e-type=\"container\">\n\t\t\t\t\t<div class=\"e-con-inner\">\n\t\t\t\t<div class=\"elementor-element elementor-element-e2594b0 elementor-widget elementor-widget-qi_addons_for_elementor_animated_text\" data-id=\"e2594b0\" data-element_type=\"widget\" data-e-type=\"widget\" data-widget_type=\"qi_addons_for_elementor_animated_text.default\">\n\t\t\t\t<div class=\"elementor-widget-container\">\n\t\t\t\t\t<div class=\"qodef-shortcode qodef-m qodef-qi-animated-text qodef--alignment-left qodef-qi--has-appear qodef--appear-from-bottom\" >\n\t\t<h2 class=\"qodef-m-title\">\n\t\tTV Fiction\t<\/h2>\n<\/div>\n\t\t\t\t<\/div>\n\t\t\t\t<\/div>\n\t\t\t\t<div class=\"elementor-element elementor-element-edb08ec elementor-widget elementor-widget-pelicula_core_highlight\" data-id=\"edb08ec\" data-element_type=\"widget\" data-e-type=\"widget\" data-widget_type=\"pelicula_core_highlight.default\">\n\t\t\t\t<div class=\"elementor-widget-container\">\n\t\t\t\t\t<p class=\"qodef-shortcode qodef-m qodef-highlight\" style=\"color: #FFFFFF\">\n\t\t\tDiscover the TV fiction projects developed by Elemiah, designed for television and streaming platforms. Series or TV films, each creation is rooted in a strong narrative capable of captivating the viewer while offering a sensitive perspective on contemporary realities.\nThrough television fiction, Elemiah explores stories rooted in our time, complex characters, and situations that resonate with the issues of our society. The serial or standalone format makes it possible to develop rich narratives, deepen human journeys, and create a true narrative immersion.\t<\/p>\t\t\t\t<\/div>\n\t\t\t\t<\/div>\n\t\t\t\t<div class=\"elementor-element elementor-element-d47c5e4 elementor-widget elementor-widget-spacer\" data-id=\"d47c5e4\" data-element_type=\"widget\" data-e-type=\"widget\" data-widget_type=\"spacer.default\">\n\t\t\t\t\t\t\t<div class=\"elementor-spacer\">\n\t\t\t<div class=\"elementor-spacer-inner\"><\/div>\n\t\t<\/div>\n\t\t\t\t\t\t<\/div>\n\t\t\t\t\t<\/div>\n\t\t\t\t<\/div>\n\t\t\t\t<section class=\"elementor-section elementor-top-section elementor-element elementor-element-947906c elementor-section-full_width qodef-elementor-content-grid elementor-section-height-default elementor-section-height-default\" data-id=\"947906c\" data-element_type=\"section\" data-e-type=\"section\">\n\t\t\t\t\t\t<div class=\"elementor-container elementor-column-gap-no\">\n\t\t\t\t\t<div class=\"elementor-column elementor-col-100 elementor-top-column elementor-element elementor-element-3acf35b\" data-id=\"3acf35b\" data-element_type=\"column\" data-e-type=\"column\">\n\t\t\t<div class=\"elementor-widget-wrap elementor-element-populated\">\n\t\t\t\t\t\t<div class=\"elementor-element elementor-element-dcf256e elementor-widget elementor-widget-pelicula_core_portfolio_list\" data-id=\"dcf256e\" data-element_type=\"widget\" data-e-type=\"widget\" data-widget_type=\"pelicula_core_portfolio_list.default\">\n\t\t\t\t<div class=\"elementor-widget-container\">\n\t\t\t\t\t<div class=\"qodef-shortcode qodef-m qodef-portfolio-list qodef-item-layout--info-on-hover qodef-grid qodef-layout--masonry qodef-gutter--normal qodef-col-num--2 qodef-item-layout--info-on-hover qodef-filter--on qodef-pagination--on qodef-pagination-type--load-more qodef-responsive--predefined qodef-hover-animation--fade-in\" data-options=\"{&quot;plugin&quot;:&quot;pelicula_core&quot;,&quot;module&quot;:&quot;post-types\\\/portfolio\\\/shortcodes&quot;,&quot;shortcode&quot;:&quot;portfolio-list&quot;,&quot;post_type&quot;:&quot;portfolio-item&quot;,&quot;next_page&quot;:&quot;2&quot;,&quot;max_pages_num&quot;:1,&quot;behavior&quot;:&quot;masonry&quot;,&quot;custom_proportions&quot;:&quot;no&quot;,&quot;images_proportion&quot;:&quot;full&quot;,&quot;columns&quot;:&quot;2&quot;,&quot;columns_responsive&quot;:&quot;predefined&quot;,&quot;columns_1440&quot;:&quot;3&quot;,&quot;columns_1366&quot;:&quot;3&quot;,&quot;columns_1024&quot;:&quot;3&quot;,&quot;columns_768&quot;:&quot;3&quot;,&quot;columns_680&quot;:&quot;3&quot;,&quot;columns_480&quot;:&quot;3&quot;,&quot;space&quot;:&quot;normal&quot;,&quot;posts_per_page&quot;:&quot;8&quot;,&quot;orderby&quot;:&quot;date&quot;,&quot;order&quot;:&quot;ASC&quot;,&quot;additional_params&quot;:&quot;tax&quot;,&quot;tax&quot;:&quot;portfolio-category&quot;,&quot;tax_slug&quot;:&quot;tv-shows&quot;,&quot;tax__in&quot;:&quot;59,63&quot;,&quot;layout&quot;:&quot;info-on-hover&quot;,&quot;hover_animation_info-below&quot;:&quot;tilt&quot;,&quot;hover_animation_info-follow&quot;:&quot;follow&quot;,&quot;hover_animation_info-on-hover&quot;:&quot;fade-in&quot;,&quot;title_tag&quot;:&quot;h4&quot;,&quot;custom_padding&quot;:&quot;no&quot;,&quot;enable_filter&quot;:&quot;yes&quot;,&quot;pagination_type&quot;:&quot;load-more&quot;,&quot;object_class_name&quot;:&quot;PeliculaCorePortfolioListShortcode&quot;,&quot;taxonomy_filter&quot;:&quot;portfolio-category&quot;,&quot;additional_query_args&quot;:{&quot;tax_query&quot;:[{&quot;taxonomy&quot;:&quot;portfolio-category&quot;,&quot;field&quot;:&quot;slug&quot;,&quot;terms&quot;:&quot;tv-shows&quot;}]},&quot;space_value&quot;:15}\">\n\t\t<div class=\"qodef-m-filter\">\n\t\t\t<\/div>\n\t<div class=\"qodef-grid-inner clear\">\n\t\t\t<div class=\"qodef-grid-masonry-sizer\"><\/div>\n\t<div class=\"qodef-grid-masonry-gutter\"><\/div>\n<article class=\"qodef-e qodef-grid-item post-3887 portfolio-item type-portfolio-item status-publish has-post-thumbnail hentry portfolio-category-tv-shows\">\n\t<div class=\"qodef-e-inner\" >\n\t\t<div class=\"qodef-e-image\">\n\t\t\t\t<div class=\"qodef-e-media-image\">\n\t\t<a itemprop=\"url\" href=\"http:\/\/www.elemiah.fr\/en\/portfolio-item\/carole-matthieu\/\" target=\"_self\">\n\t\t\t<img fetchpriority=\"high\" decoding=\"async\" width=\"1417\" height=\"1925\" src=\"http:\/\/www.elemiah.fr\/wp-content\/uploads\/2017\/01\/CAROLE_MATTHIEU_1201.png\" class=\"attachment-full size-full wp-post-image\" alt=\"\" srcset=\"http:\/\/www.elemiah.fr\/wp-content\/uploads\/2017\/01\/CAROLE_MATTHIEU_1201.png 1417w, http:\/\/www.elemiah.fr\/wp-content\/uploads\/2017\/01\/CAROLE_MATTHIEU_1201-221x300.png 221w, http:\/\/www.elemiah.fr\/wp-content\/uploads\/2017\/01\/CAROLE_MATTHIEU_1201-768x1043.png 768w, http:\/\/www.elemiah.fr\/wp-content\/uploads\/2017\/01\/CAROLE_MATTHIEU_1201-754x1024.png 754w\" sizes=\"(max-width: 1417px) 100vw, 1417px\" \/>\t\t<\/a>\n\t<\/div>\n\t\t<\/div>\n\t\t<div class=\"qodef-e-content\">\n\t\t\t<div class=\"qodef-e-content-inner\">\n\t\t\t\t\t\t\t\t\t<a itemprop=\"url\" href=\"http:\/\/www.elemiah.fr\/en\/portfolio-item\/carole-matthieu\/\" target=\"_self\"><\/a>\n\t\t\t\t\t\t\t\t<h4 itemprop=\"name\" class=\"qodef-e-title entry-title qodef-e-title-main\" >\n\t<a itemprop=\"url\" class=\"qodef-e-title-link\" href=\"http:\/\/www.elemiah.fr\/en\/portfolio-item\/carole-matthieu\/\" target=\"_self\">\n\t\tCAROLE MATTHIEU\t<\/a>\n<\/h4>\t\t\t\t<div class=\"qodef-e-info-category\">\n\t<a itemprop=\"url\" class=\"qodef-e-category\" href=\"http:\/\/www.elemiah.fr\/en\/portfolio-category\/tv-shows\/\">TV Shows<\/a><\/div>\n\t\t\t<\/div>\n\t\t<\/div>\n\t<\/div>\n<\/article><article class=\"qodef-e qodef-grid-item post-3894 portfolio-item type-portfolio-item status-publish has-post-thumbnail hentry portfolio-category-tv-shows\">\n\t<div class=\"qodef-e-inner\" >\n\t\t<div class=\"qodef-e-image\">\n\t\t\t\t<div class=\"qodef-e-media-image\">\n\t\t<a itemprop=\"url\" href=\"http:\/\/www.elemiah.fr\/en\/portfolio-item\/aicha-crazy-holidays\/\" target=\"_self\">\n\t\t\t<img decoding=\"async\" width=\"382\" height=\"543\" src=\"http:\/\/www.elemiah.fr\/wp-content\/uploads\/2015\/08\/A\u00efcha-4.png\" class=\"attachment-full size-full wp-post-image\" alt=\"\" srcset=\"http:\/\/www.elemiah.fr\/wp-content\/uploads\/2015\/08\/A\u00efcha-4.png 382w, http:\/\/www.elemiah.fr\/wp-content\/uploads\/2015\/08\/A\u00efcha-4-211x300.png 211w\" sizes=\"(max-width: 382px) 100vw, 382px\" \/>\t\t<\/a>\n\t<\/div>\n\t\t<\/div>\n\t\t<div class=\"qodef-e-content\">\n\t\t\t<div class=\"qodef-e-content-inner\">\n\t\t\t\t\t\t\t\t\t<a itemprop=\"url\" href=\"http:\/\/www.elemiah.fr\/en\/portfolio-item\/aicha-crazy-holidays\/\" target=\"_self\"><\/a>\n\t\t\t\t\t\t\t\t<h4 itemprop=\"name\" class=\"qodef-e-title entry-title qodef-e-title-main\" >\n\t<a itemprop=\"url\" class=\"qodef-e-title-link\" href=\"http:\/\/www.elemiah.fr\/en\/portfolio-item\/aicha-crazy-holidays\/\" target=\"_self\">\n\t\tA\u00cfCHA, CRAZY HOLIDAYS\t<\/a>\n<\/h4>\t\t\t\t<div class=\"qodef-e-info-category\">\n\t<a itemprop=\"url\" class=\"qodef-e-category\" href=\"http:\/\/www.elemiah.fr\/en\/portfolio-category\/tv-shows\/\">TV Shows<\/a><\/div>\n\t\t\t<\/div>\n\t\t<\/div>\n\t<\/div>\n<\/article><article class=\"qodef-e qodef-grid-item post-3897 portfolio-item type-portfolio-item status-publish has-post-thumbnail hentry portfolio-category-tv-shows\">\n\t<div class=\"qodef-e-inner\" >\n\t\t<div class=\"qodef-e-image\">\n\t\t\t\t<div class=\"qodef-e-media-image\">\n\t\t<a itemprop=\"url\" href=\"http:\/\/www.elemiah.fr\/en\/portfolio-item\/aicha-sorting-things-out\/\" target=\"_self\">\n\t\t\t<img decoding=\"async\" width=\"450\" height=\"631\" src=\"http:\/\/www.elemiah.fr\/wp-content\/uploads\/2015\/08\/A\u00efcha-3.png\" class=\"attachment-full size-full wp-post-image\" alt=\"\" srcset=\"http:\/\/www.elemiah.fr\/wp-content\/uploads\/2015\/08\/A\u00efcha-3.png 450w, http:\/\/www.elemiah.fr\/wp-content\/uploads\/2015\/08\/A\u00efcha-3-214x300.png 214w\" sizes=\"(max-width: 450px) 100vw, 450px\" \/>\t\t<\/a>\n\t<\/div>\n\t\t<\/div>\n\t\t<div class=\"qodef-e-content\">\n\t\t\t<div class=\"qodef-e-content-inner\">\n\t\t\t\t\t\t\t\t\t<a itemprop=\"url\" href=\"http:\/\/www.elemiah.fr\/en\/portfolio-item\/aicha-sorting-things-out\/\" target=\"_self\"><\/a>\n\t\t\t\t\t\t\t\t<h4 itemprop=\"name\" class=\"qodef-e-title entry-title qodef-e-title-main\" >\n\t<a itemprop=\"url\" class=\"qodef-e-title-link\" href=\"http:\/\/www.elemiah.fr\/en\/portfolio-item\/aicha-sorting-things-out\/\" target=\"_self\">\n\t\tAICHA, SORTING THINGS OUT\t<\/a>\n<\/h4>\t\t\t\t<div class=\"qodef-e-info-category\">\n\t<a itemprop=\"url\" class=\"qodef-e-category\" href=\"http:\/\/www.elemiah.fr\/en\/portfolio-category\/tv-shows\/\">TV Shows<\/a><\/div>\n\t\t\t<\/div>\n\t\t<\/div>\n\t<\/div>\n<\/article><article class=\"qodef-e qodef-grid-item post-3901 portfolio-item type-portfolio-item status-publish has-post-thumbnail hentry portfolio-category-tv-shows\">\n\t<div class=\"qodef-e-inner\" >\n\t\t<div class=\"qodef-e-image\">\n\t\t\t\t<div class=\"qodef-e-media-image\">\n\t\t<a itemprop=\"url\" href=\"http:\/\/www.elemiah.fr\/en\/portfolio-item\/aicha-a-job-at-all-cost\/\" target=\"_self\">\n\t\t\t<img loading=\"lazy\" decoding=\"async\" width=\"451\" height=\"634\" src=\"http:\/\/www.elemiah.fr\/wp-content\/uploads\/2015\/08\/A\u00efcha-23.png\" class=\"attachment-full size-full wp-post-image\" alt=\"\" srcset=\"http:\/\/www.elemiah.fr\/wp-content\/uploads\/2015\/08\/A\u00efcha-23.png 451w, http:\/\/www.elemiah.fr\/wp-content\/uploads\/2015\/08\/A\u00efcha-23-213x300.png 213w\" sizes=\"(max-width: 451px) 100vw, 451px\" \/>\t\t<\/a>\n\t<\/div>\n\t\t<\/div>\n\t\t<div class=\"qodef-e-content\">\n\t\t\t<div class=\"qodef-e-content-inner\">\n\t\t\t\t\t\t\t\t\t<a itemprop=\"url\" href=\"http:\/\/www.elemiah.fr\/en\/portfolio-item\/aicha-a-job-at-all-cost\/\" target=\"_self\"><\/a>\n\t\t\t\t\t\t\t\t<h4 itemprop=\"name\" class=\"qodef-e-title entry-title qodef-e-title-main\" >\n\t<a itemprop=\"url\" class=\"qodef-e-title-link\" href=\"http:\/\/www.elemiah.fr\/en\/portfolio-item\/aicha-a-job-at-all-cost\/\" target=\"_self\">\n\t\tA\u00cfCHA, A JOB AT ALL COST\t<\/a>\n<\/h4>\t\t\t\t<div class=\"qodef-e-info-category\">\n\t<a itemprop=\"url\" class=\"qodef-e-category\" href=\"http:\/\/www.elemiah.fr\/en\/portfolio-category\/tv-shows\/\">TV Shows<\/a><\/div>\n\t\t\t<\/div>\n\t\t<\/div>\n\t<\/div>\n<\/article><article class=\"qodef-e qodef-grid-item post-3906 portfolio-item type-portfolio-item status-publish has-post-thumbnail hentry portfolio-category-tv-shows\">\n\t<div class=\"qodef-e-inner\" >\n\t\t<div class=\"qodef-e-image\">\n\t\t\t\t<div class=\"qodef-e-media-image\">\n\t\t<a itemprop=\"url\" href=\"http:\/\/www.elemiah.fr\/en\/portfolio-item\/aicha\/\" target=\"_self\">\n\t\t\t<img loading=\"lazy\" decoding=\"async\" width=\"526\" height=\"700\" src=\"http:\/\/www.elemiah.fr\/wp-content\/uploads\/2015\/11\/AICHA-11.jpg\" class=\"attachment-full size-full wp-post-image\" alt=\"\" srcset=\"http:\/\/www.elemiah.fr\/wp-content\/uploads\/2015\/11\/AICHA-11.jpg 526w, http:\/\/www.elemiah.fr\/wp-content\/uploads\/2015\/11\/AICHA-11-225x300.jpg 225w\" sizes=\"(max-width: 526px) 100vw, 526px\" \/>\t\t<\/a>\n\t<\/div>\n\t\t<\/div>\n\t\t<div class=\"qodef-e-content\">\n\t\t\t<div class=\"qodef-e-content-inner\">\n\t\t\t\t\t\t\t\t\t<a itemprop=\"url\" href=\"http:\/\/www.elemiah.fr\/en\/portfolio-item\/aicha\/\" target=\"_self\"><\/a>\n\t\t\t\t\t\t\t\t<h4 itemprop=\"name\" class=\"qodef-e-title entry-title qodef-e-title-main\" >\n\t<a itemprop=\"url\" class=\"qodef-e-title-link\" href=\"http:\/\/www.elemiah.fr\/en\/portfolio-item\/aicha\/\" target=\"_self\">\n\t\tA\u00cfCHA\t<\/a>\n<\/h4>\t\t\t\t<div class=\"qodef-e-info-category\">\n\t<a itemprop=\"url\" class=\"qodef-e-category\" href=\"http:\/\/www.elemiah.fr\/en\/portfolio-category\/tv-shows\/\">TV Shows<\/a><\/div>\n\t\t\t<\/div>\n\t\t<\/div>\n\t<\/div>\n<\/article>\t<\/div>\n\t<\/div>\t\t\t\t<\/div>\n\t\t\t\t<\/div>\n\t\t\t\t\t<\/div>\n\t\t<\/div>\n\t\t\t\t\t<\/div>\n\t\t<\/section>\n\t\t\t\t<\/div>\n\t\t","protected":false},"excerpt":{"rendered":"<p>TV Fiction Discover the TV fiction projects developed by Elemiah, designed for television and streaming platforms. Series or TV films, each creation is rooted in a strong narrative capable of captivating the viewer while offering a sensitive perspective on contemporary realities. Through television fiction, Elemiah explores stories rooted in our time, complex characters, and situations [&hellip;]<\/p>\n","protected":false},"author":3,"featured_media":0,"parent":0,"menu_order":0,"comment_status":"closed","ping_status":"closed","template":"page-full-width.php","meta":{"footnotes":""},"class_list":["post-3963","page","type-page","status-publish","hentry"],"yoast_head":"<!-- This site is optimized with the Yoast SEO plugin v27.3 - https:\/\/yoast.com\/product\/yoast-seo-wordpress\/ -->\n<title>TV Fiction - Elemiah<\/title>\n<meta name=\"description\" content=\"Discover Elemiah\u2019s TV fiction, series and TV films that combine strong storytelling with a perspective on the issues shaping our society.\" \/>\n<meta name=\"robots\" content=\"index, follow, max-snippet:-1, max-image-preview:large, max-video-preview:-1\" \/>\n<link rel=\"canonical\" href=\"http:\/\/www.elemiah.fr\/en\/tv-fiction\/\" \/>\n<meta property=\"og:locale\" content=\"en_US\" \/>\n<meta property=\"og:type\" content=\"article\" \/>\n<meta property=\"og:title\" content=\"TV Fiction - Elemiah\" \/>\n<meta property=\"og:description\" content=\"Discover Elemiah\u2019s TV fiction, series and TV films that combine strong storytelling with a perspective on the issues shaping our society.\" \/>\n<meta property=\"og:url\" content=\"http:\/\/www.elemiah.fr\/en\/tv-fiction\/\" \/>\n<meta property=\"og:site_name\" content=\"Elemiah\" \/>\n<meta property=\"article:modified_time\" content=\"2026-04-06T10:17:48+00:00\" \/>\n<meta property=\"og:image\" content=\"http:\/\/www.elemiah.fr\/wp-content\/uploads\/2017\/01\/CAROLE_MATTHIEU_1201.png\" \/>\n<meta name=\"twitter:card\" content=\"summary_large_image\" \/>\n<meta name=\"twitter:label1\" content=\"Est. reading time\" \/>\n\t<meta name=\"twitter:data1\" content=\"2 minutes\" \/>\n<script type=\"application\/ld+json\" class=\"yoast-schema-graph\">{\"@context\":\"https:\\\/\\\/schema.org\",\"@graph\":[{\"@type\":\"WebPage\",\"@id\":\"http:\\\/\\\/www.elemiah.fr\\\/en\\\/tv-fiction\\\/\",\"url\":\"http:\\\/\\\/www.elemiah.fr\\\/en\\\/tv-fiction\\\/\",\"name\":\"TV Fiction - Elemiah\",\"isPartOf\":{\"@id\":\"http:\\\/\\\/www.elemiah.fr\\\/en\\\/#website\"},\"primaryImageOfPage\":{\"@id\":\"http:\\\/\\\/www.elemiah.fr\\\/en\\\/tv-fiction\\\/#primaryimage\"},\"image\":{\"@id\":\"http:\\\/\\\/www.elemiah.fr\\\/en\\\/tv-fiction\\\/#primaryimage\"},\"thumbnailUrl\":\"http:\\\/\\\/www.elemiah.fr\\\/wp-content\\\/uploads\\\/2017\\\/01\\\/CAROLE_MATTHIEU_1201.png\",\"datePublished\":\"2026-03-03T14:46:52+00:00\",\"dateModified\":\"2026-04-06T10:17:48+00:00\",\"description\":\"Discover Elemiah\u2019s TV fiction, series and TV films that combine strong storytelling with a perspective on the issues shaping our society.\",\"breadcrumb\":{\"@id\":\"http:\\\/\\\/www.elemiah.fr\\\/en\\\/tv-fiction\\\/#breadcrumb\"},\"inLanguage\":\"en-US\",\"potentialAction\":[{\"@type\":\"ReadAction\",\"target\":[\"http:\\\/\\\/www.elemiah.fr\\\/en\\\/tv-fiction\\\/\"]}]},{\"@type\":\"ImageObject\",\"inLanguage\":\"en-US\",\"@id\":\"http:\\\/\\\/www.elemiah.fr\\\/en\\\/tv-fiction\\\/#primaryimage\",\"url\":\"http:\\\/\\\/www.elemiah.fr\\\/wp-content\\\/uploads\\\/2017\\\/01\\\/CAROLE_MATTHIEU_1201.png\",\"contentUrl\":\"http:\\\/\\\/www.elemiah.fr\\\/wp-content\\\/uploads\\\/2017\\\/01\\\/CAROLE_MATTHIEU_1201.png\"},{\"@type\":\"BreadcrumbList\",\"@id\":\"http:\\\/\\\/www.elemiah.fr\\\/en\\\/tv-fiction\\\/#breadcrumb\",\"itemListElement\":[{\"@type\":\"ListItem\",\"position\":1,\"name\":\"Accueil\",\"item\":\"http:\\\/\\\/www.elemiah.fr\\\/en\\\/\"},{\"@type\":\"ListItem\",\"position\":2,\"name\":\"TV Fiction\"}]},{\"@type\":\"WebSite\",\"@id\":\"http:\\\/\\\/www.elemiah.fr\\\/en\\\/#website\",\"url\":\"http:\\\/\\\/www.elemiah.fr\\\/en\\\/\",\"name\":\"Elemiah\",\"description\":\"Soci\u00e9t\u00e9 de production de films engag\u00e9s\",\"publisher\":{\"@id\":\"http:\\\/\\\/www.elemiah.fr\\\/en\\\/#organization\"},\"potentialAction\":[{\"@type\":\"SearchAction\",\"target\":{\"@type\":\"EntryPoint\",\"urlTemplate\":\"http:\\\/\\\/www.elemiah.fr\\\/en\\\/?s={search_term_string}\"},\"query-input\":{\"@type\":\"PropertyValueSpecification\",\"valueRequired\":true,\"valueName\":\"search_term_string\"}}],\"inLanguage\":\"en-US\"},{\"@type\":\"Organization\",\"@id\":\"http:\\\/\\\/www.elemiah.fr\\\/en\\\/#organization\",\"name\":\"Elemiah\",\"url\":\"http:\\\/\\\/www.elemiah.fr\\\/en\\\/\",\"logo\":{\"@type\":\"ImageObject\",\"inLanguage\":\"en-US\",\"@id\":\"http:\\\/\\\/www.elemiah.fr\\\/en\\\/#\\\/schema\\\/logo\\\/image\\\/\",\"url\":\"https:\\\/\\\/www.elemiah.fr\\\/wp-content\\\/uploads\\\/2026\\\/03\\\/elemiah-logo-black.png\",\"contentUrl\":\"https:\\\/\\\/www.elemiah.fr\\\/wp-content\\\/uploads\\\/2026\\\/03\\\/elemiah-logo-black.png\",\"width\":1124,\"height\":370,\"caption\":\"Elemiah\"},\"image\":{\"@id\":\"http:\\\/\\\/www.elemiah.fr\\\/en\\\/#\\\/schema\\\/logo\\\/image\\\/\"}}]}<\/script>\n<!-- \/ Yoast SEO plugin. -->","yoast_head_json":{"title":"TV Fiction - Elemiah","description":"Discover Elemiah\u2019s TV fiction, series and TV films that combine strong storytelling with a perspective on the issues shaping our society.","robots":{"index":"index","follow":"follow","max-snippet":"max-snippet:-1","max-image-preview":"max-image-preview:large","max-video-preview":"max-video-preview:-1"},"canonical":"http:\/\/www.elemiah.fr\/en\/tv-fiction\/","og_locale":"en_US","og_type":"article","og_title":"TV Fiction - Elemiah","og_description":"Discover Elemiah\u2019s TV fiction, series and TV films that combine strong storytelling with a perspective on the issues shaping our society.","og_url":"http:\/\/www.elemiah.fr\/en\/tv-fiction\/","og_site_name":"Elemiah","article_modified_time":"2026-04-06T10:17:48+00:00","og_image":[{"url":"http:\/\/www.elemiah.fr\/wp-content\/uploads\/2017\/01\/CAROLE_MATTHIEU_1201.png","type":"","width":"","height":""}],"twitter_card":"summary_large_image","twitter_misc":{"Est. reading time":"2 minutes"},"schema":{"@context":"https:\/\/schema.org","@graph":[{"@type":"WebPage","@id":"http:\/\/www.elemiah.fr\/en\/tv-fiction\/","url":"http:\/\/www.elemiah.fr\/en\/tv-fiction\/","name":"TV Fiction - Elemiah","isPartOf":{"@id":"http:\/\/www.elemiah.fr\/en\/#website"},"primaryImageOfPage":{"@id":"http:\/\/www.elemiah.fr\/en\/tv-fiction\/#primaryimage"},"image":{"@id":"http:\/\/www.elemiah.fr\/en\/tv-fiction\/#primaryimage"},"thumbnailUrl":"http:\/\/www.elemiah.fr\/wp-content\/uploads\/2017\/01\/CAROLE_MATTHIEU_1201.png","datePublished":"2026-03-03T14:46:52+00:00","dateModified":"2026-04-06T10:17:48+00:00","description":"Discover Elemiah\u2019s TV fiction, series and TV films that combine strong storytelling with a perspective on the issues shaping our society.","breadcrumb":{"@id":"http:\/\/www.elemiah.fr\/en\/tv-fiction\/#breadcrumb"},"inLanguage":"en-US","potentialAction":[{"@type":"ReadAction","target":["http:\/\/www.elemiah.fr\/en\/tv-fiction\/"]}]},{"@type":"ImageObject","inLanguage":"en-US","@id":"http:\/\/www.elemiah.fr\/en\/tv-fiction\/#primaryimage","url":"http:\/\/www.elemiah.fr\/wp-content\/uploads\/2017\/01\/CAROLE_MATTHIEU_1201.png","contentUrl":"http:\/\/www.elemiah.fr\/wp-content\/uploads\/2017\/01\/CAROLE_MATTHIEU_1201.png"},{"@type":"BreadcrumbList","@id":"http:\/\/www.elemiah.fr\/en\/tv-fiction\/#breadcrumb","itemListElement":[{"@type":"ListItem","position":1,"name":"Accueil","item":"http:\/\/www.elemiah.fr\/en\/"},{"@type":"ListItem","position":2,"name":"TV Fiction"}]},{"@type":"WebSite","@id":"http:\/\/www.elemiah.fr\/en\/#website","url":"http:\/\/www.elemiah.fr\/en\/","name":"Elemiah","description":"Soci\u00e9t\u00e9 de production de films engag\u00e9s","publisher":{"@id":"http:\/\/www.elemiah.fr\/en\/#organization"},"potentialAction":[{"@type":"SearchAction","target":{"@type":"EntryPoint","urlTemplate":"http:\/\/www.elemiah.fr\/en\/?s={search_term_string}"},"query-input":{"@type":"PropertyValueSpecification","valueRequired":true,"valueName":"search_term_string"}}],"inLanguage":"en-US"},{"@type":"Organization","@id":"http:\/\/www.elemiah.fr\/en\/#organization","name":"Elemiah","url":"http:\/\/www.elemiah.fr\/en\/","logo":{"@type":"ImageObject","inLanguage":"en-US","@id":"http:\/\/www.elemiah.fr\/en\/#\/schema\/logo\/image\/","url":"https:\/\/www.elemiah.fr\/wp-content\/uploads\/2026\/03\/elemiah-logo-black.png","contentUrl":"https:\/\/www.elemiah.fr\/wp-content\/uploads\/2026\/03\/elemiah-logo-black.png","width":1124,"height":370,"caption":"Elemiah"},"image":{"@id":"http:\/\/www.elemiah.fr\/en\/#\/schema\/logo\/image\/"}}]}},"_links":{"self":[{"href":"http:\/\/www.elemiah.fr\/en\/wp-json\/wp\/v2\/pages\/3963","targetHints":{"allow":["GET"]}}],"collection":[{"href":"http:\/\/www.elemiah.fr\/en\/wp-json\/wp\/v2\/pages"}],"about":[{"href":"http:\/\/www.elemiah.fr\/en\/wp-json\/wp\/v2\/types\/page"}],"author":[{"embeddable":true,"href":"http:\/\/www.elemiah.fr\/en\/wp-json\/wp\/v2\/users\/3"}],"replies":[{"embeddable":true,"href":"http:\/\/www.elemiah.fr\/en\/wp-json\/wp\/v2\/comments?post=3963"}],"version-history":[{"count":4,"href":"http:\/\/www.elemiah.fr\/en\/wp-json\/wp\/v2\/pages\/3963\/revisions"}],"predecessor-version":[{"id":3977,"href":"http:\/\/www.elemiah.fr\/en\/wp-json\/wp\/v2\/pages\/3963\/revisions\/3977"}],"wp:attachment":[{"href":"http:\/\/www.elemiah.fr\/en\/wp-json\/wp\/v2\/media?parent=3963"}],"curies":[{"name":"wp","href":"https:\/\/api.w.org\/{rel}","templated":true}]}}