{"id":3961,"date":"2026-03-03T16:16:01","date_gmt":"2026-03-03T15:16:01","guid":{"rendered":"https:\/\/www.elemiah.fr\/documentaries\/"},"modified":"2026-04-06T10:56:46","modified_gmt":"2026-04-06T09:56:46","slug":"documentaries","status":"publish","type":"page","link":"http:\/\/www.elemiah.fr\/en\/documentaries\/","title":{"rendered":"Documentaries"},"content":{"rendered":"\t\t<div data-elementor-type=\"wp-page\" data-elementor-id=\"3961\" class=\"elementor elementor-3961 elementor-3548\">\n\t\t\t\t<div class=\"elementor-element elementor-element-aec4764 e-flex e-con-boxed e-con e-parent\" data-id=\"aec4764\" data-element_type=\"container\" data-e-type=\"container\">\n\t\t\t\t\t<div class=\"e-con-inner\">\n\t\t\t\t<div class=\"elementor-element elementor-element-cf39f96 elementor-widget elementor-widget-qi_addons_for_elementor_animated_text\" data-id=\"cf39f96\" data-element_type=\"widget\" data-e-type=\"widget\" data-widget_type=\"qi_addons_for_elementor_animated_text.default\">\n\t\t\t\t<div class=\"elementor-widget-container\">\n\t\t\t\t\t<div class=\"qodef-shortcode qodef-m qodef-qi-animated-text qodef--alignment-left qodef-qi--has-appear qodef--appear-from-bottom\" >\n\t\t<h2 class=\"qodef-m-title\">\n\t\tDocumentaries\t<\/h2>\n<\/div>\n\t\t\t\t<\/div>\n\t\t\t\t<\/div>\n\t\t\t\t<div class=\"elementor-element elementor-element-e8a79e2 elementor-widget elementor-widget-pelicula_core_highlight\" data-id=\"e8a79e2\" data-element_type=\"widget\" data-e-type=\"widget\" data-widget_type=\"pelicula_core_highlight.default\">\n\t\t\t\t<div class=\"elementor-widget-container\">\n\t\t\t\t\t<p class=\"qodef-shortcode qodef-m qodef-highlight\" style=\"color: #FFFFFF\">\n\t\t\tDiscover the documentaries developed by Elemiah, films that offer a thoughtful and committed perspective on the world around us. Through documentary filmmaking, we explore real stories, unique journeys, and social issues that deserve to be told.<br>Each documentary project is grounded in an approach of observation, listening, and transmission. Whether portraits, investigations, or immersive narratives, our films seek to shed light on reality, give a voice, and foster the viewer\u2019s reflection.\t<\/p>\t\t\t\t<\/div>\n\t\t\t\t<\/div>\n\t\t\t\t<div class=\"elementor-element elementor-element-e91c904 elementor-widget elementor-widget-spacer\" data-id=\"e91c904\" data-element_type=\"widget\" data-e-type=\"widget\" data-widget_type=\"spacer.default\">\n\t\t\t\t\t\t\t<div class=\"elementor-spacer\">\n\t\t\t<div class=\"elementor-spacer-inner\"><\/div>\n\t\t<\/div>\n\t\t\t\t\t\t<\/div>\n\t\t\t\t\t<\/div>\n\t\t\t\t<\/div>\n\t\t\t\t<section class=\"elementor-section elementor-top-section elementor-element elementor-element-947906c elementor-section-full_width qodef-elementor-content-grid elementor-section-height-default elementor-section-height-default\" data-id=\"947906c\" data-element_type=\"section\" data-e-type=\"section\">\n\t\t\t\t\t\t<div class=\"elementor-container elementor-column-gap-no\">\n\t\t\t\t\t<div class=\"elementor-column elementor-col-100 elementor-top-column elementor-element elementor-element-3acf35b\" data-id=\"3acf35b\" data-element_type=\"column\" data-e-type=\"column\">\n\t\t\t<div class=\"elementor-widget-wrap elementor-element-populated\">\n\t\t\t\t\t\t<div class=\"elementor-element elementor-element-dcf256e elementor-widget elementor-widget-pelicula_core_portfolio_list\" data-id=\"dcf256e\" data-element_type=\"widget\" data-e-type=\"widget\" data-widget_type=\"pelicula_core_portfolio_list.default\">\n\t\t\t\t<div class=\"elementor-widget-container\">\n\t\t\t\t\t<div class=\"qodef-shortcode qodef-m qodef-portfolio-list qodef-item-layout--info-on-hover qodef-grid qodef-layout--masonry qodef-gutter--normal qodef-col-num--2 qodef-item-layout--info-on-hover qodef-filter--on qodef-pagination--on qodef-pagination-type--load-more qodef-responsive--predefined qodef-hover-animation--fade-in\" data-options=\"{&quot;plugin&quot;:&quot;pelicula_core&quot;,&quot;module&quot;:&quot;post-types\\\/portfolio\\\/shortcodes&quot;,&quot;shortcode&quot;:&quot;portfolio-list&quot;,&quot;post_type&quot;:&quot;portfolio-item&quot;,&quot;next_page&quot;:&quot;2&quot;,&quot;max_pages_num&quot;:1,&quot;behavior&quot;:&quot;masonry&quot;,&quot;custom_proportions&quot;:&quot;no&quot;,&quot;images_proportion&quot;:&quot;full&quot;,&quot;columns&quot;:&quot;2&quot;,&quot;columns_responsive&quot;:&quot;predefined&quot;,&quot;columns_1440&quot;:&quot;3&quot;,&quot;columns_1366&quot;:&quot;3&quot;,&quot;columns_1024&quot;:&quot;3&quot;,&quot;columns_768&quot;:&quot;3&quot;,&quot;columns_680&quot;:&quot;3&quot;,&quot;columns_480&quot;:&quot;3&quot;,&quot;space&quot;:&quot;normal&quot;,&quot;posts_per_page&quot;:&quot;8&quot;,&quot;orderby&quot;:&quot;date&quot;,&quot;order&quot;:&quot;ASC&quot;,&quot;additional_params&quot;:&quot;tax&quot;,&quot;tax&quot;:&quot;portfolio-category&quot;,&quot;tax_slug&quot;:&quot;documentaries&quot;,&quot;tax__in&quot;:&quot;59,63&quot;,&quot;layout&quot;:&quot;info-on-hover&quot;,&quot;hover_animation_info-below&quot;:&quot;tilt&quot;,&quot;hover_animation_info-follow&quot;:&quot;follow&quot;,&quot;hover_animation_info-on-hover&quot;:&quot;fade-in&quot;,&quot;title_tag&quot;:&quot;h4&quot;,&quot;custom_padding&quot;:&quot;no&quot;,&quot;enable_filter&quot;:&quot;yes&quot;,&quot;pagination_type&quot;:&quot;load-more&quot;,&quot;object_class_name&quot;:&quot;PeliculaCorePortfolioListShortcode&quot;,&quot;taxonomy_filter&quot;:&quot;portfolio-category&quot;,&quot;additional_query_args&quot;:{&quot;tax_query&quot;:[{&quot;taxonomy&quot;:&quot;portfolio-category&quot;,&quot;field&quot;:&quot;slug&quot;,&quot;terms&quot;:&quot;documentaries&quot;}]},&quot;space_value&quot;:15}\">\n\t\t<div class=\"qodef-m-filter\">\n\t\t\t<\/div>\n\t<div class=\"qodef-grid-inner clear\">\n\t\t\t<div class=\"qodef-grid-masonry-sizer\"><\/div>\n\t<div class=\"qodef-grid-masonry-gutter\"><\/div>\n<article class=\"qodef-e qodef-grid-item post-3921 portfolio-item type-portfolio-item status-publish has-post-thumbnail hentry portfolio-category-documentaries\">\n\t<div class=\"qodef-e-inner\" >\n\t\t<div class=\"qodef-e-image\">\n\t\t\t\t<div class=\"qodef-e-media-image\">\n\t\t<a itemprop=\"url\" href=\"http:\/\/www.elemiah.fr\/en\/portfolio-item\/the-last-lung-of-the-world\/\" target=\"_self\">\n\t\t\t<img fetchpriority=\"high\" decoding=\"async\" width=\"1121\" height=\"1397\" src=\"http:\/\/www.elemiah.fr\/wp-content\/uploads\/2021\/11\/Capture-d\u2019\u00e9cran-2021-11-03-\u00e0-10.59.20-e1635933677525.png\" class=\"attachment-full size-full wp-post-image\" alt=\"\" srcset=\"http:\/\/www.elemiah.fr\/wp-content\/uploads\/2021\/11\/Capture-d\u2019\u00e9cran-2021-11-03-\u00e0-10.59.20-e1635933677525.png 1121w, http:\/\/www.elemiah.fr\/wp-content\/uploads\/2021\/11\/Capture-d\u2019\u00e9cran-2021-11-03-\u00e0-10.59.20-e1635933677525-241x300.png 241w, http:\/\/www.elemiah.fr\/wp-content\/uploads\/2021\/11\/Capture-d\u2019\u00e9cran-2021-11-03-\u00e0-10.59.20-e1635933677525-768x957.png 768w, http:\/\/www.elemiah.fr\/wp-content\/uploads\/2021\/11\/Capture-d\u2019\u00e9cran-2021-11-03-\u00e0-10.59.20-e1635933677525-822x1024.png 822w\" sizes=\"(max-width: 1121px) 100vw, 1121px\" \/>\t\t<\/a>\n\t<\/div>\n\t\t<\/div>\n\t\t<div class=\"qodef-e-content\">\n\t\t\t<div class=\"qodef-e-content-inner\">\n\t\t\t\t\t\t\t\t\t<a itemprop=\"url\" href=\"http:\/\/www.elemiah.fr\/en\/portfolio-item\/the-last-lung-of-the-world\/\" target=\"_self\"><\/a>\n\t\t\t\t\t\t\t\t<h4 itemprop=\"name\" class=\"qodef-e-title entry-title qodef-e-title-main\" >\n\t<a itemprop=\"url\" class=\"qodef-e-title-link\" href=\"http:\/\/www.elemiah.fr\/en\/portfolio-item\/the-last-lung-of-the-world\/\" target=\"_self\">\n\t\tThe Last Lung of the World\t<\/a>\n<\/h4>\t\t\t\t<div class=\"qodef-e-info-category\">\n\t<a itemprop=\"url\" class=\"qodef-e-category\" href=\"http:\/\/www.elemiah.fr\/en\/portfolio-category\/documentaries\/\">Documentaries<\/a><\/div>\n\t\t\t<\/div>\n\t\t<\/div>\n\t<\/div>\n<\/article><article class=\"qodef-e qodef-grid-item post-3923 portfolio-item type-portfolio-item status-publish has-post-thumbnail hentry portfolio-category-documentaries\">\n\t<div class=\"qodef-e-inner\" >\n\t\t<div class=\"qodef-e-image\">\n\t\t\t\t<div class=\"qodef-e-media-image\">\n\t\t<a itemprop=\"url\" href=\"http:\/\/www.elemiah.fr\/en\/portfolio-item\/metro-bus-rer-stories-in-transit\/\" target=\"_self\">\n\t\t\t<img decoding=\"async\" width=\"1565\" height=\"2230\" src=\"http:\/\/www.elemiah.fr\/wp-content\/uploads\/2015\/08\/METRO-BUS-RER-JAQ.jpg\" class=\"attachment-full size-full wp-post-image\" alt=\"\" srcset=\"http:\/\/www.elemiah.fr\/wp-content\/uploads\/2015\/08\/METRO-BUS-RER-JAQ.jpg 1565w, http:\/\/www.elemiah.fr\/wp-content\/uploads\/2015\/08\/METRO-BUS-RER-JAQ-211x300.jpg 211w, http:\/\/www.elemiah.fr\/wp-content\/uploads\/2015\/08\/METRO-BUS-RER-JAQ-719x1024.jpg 719w\" sizes=\"(max-width: 1565px) 100vw, 1565px\" \/>\t\t<\/a>\n\t<\/div>\n\t\t<\/div>\n\t\t<div class=\"qodef-e-content\">\n\t\t\t<div class=\"qodef-e-content-inner\">\n\t\t\t\t\t\t\t\t\t<a itemprop=\"url\" href=\"http:\/\/www.elemiah.fr\/en\/portfolio-item\/metro-bus-rer-stories-in-transit\/\" target=\"_self\"><\/a>\n\t\t\t\t\t\t\t\t<h4 itemprop=\"name\" class=\"qodef-e-title entry-title qodef-e-title-main\" >\n\t<a itemprop=\"url\" class=\"qodef-e-title-link\" href=\"http:\/\/www.elemiah.fr\/en\/portfolio-item\/metro-bus-rer-stories-in-transit\/\" target=\"_self\">\n\t\tM\u00c9TRO, BUS, RER&#8230; STORIES IN TRANSIT\t<\/a>\n<\/h4>\t\t\t\t<div class=\"qodef-e-info-category\">\n\t<a itemprop=\"url\" class=\"qodef-e-category\" href=\"http:\/\/www.elemiah.fr\/en\/portfolio-category\/documentaries\/\">Documentaries<\/a><\/div>\n\t\t\t<\/div>\n\t\t<\/div>\n\t<\/div>\n<\/article><article class=\"qodef-e qodef-grid-item post-3928 portfolio-item type-portfolio-item status-publish has-post-thumbnail hentry portfolio-category-documentaries\">\n\t<div class=\"qodef-e-inner\" >\n\t\t<div class=\"qodef-e-image\">\n\t\t\t\t<div class=\"qodef-e-media-image\">\n\t\t<a itemprop=\"url\" href=\"http:\/\/www.elemiah.fr\/en\/portfolio-item\/93-a-suburbs-history\/\" target=\"_self\">\n\t\t\t<img decoding=\"async\" width=\"526\" height=\"700\" src=\"http:\/\/www.elemiah.fr\/wp-content\/uploads\/2015\/11\/93.jpg\" class=\"attachment-full size-full wp-post-image\" alt=\"\" srcset=\"http:\/\/www.elemiah.fr\/wp-content\/uploads\/2015\/11\/93.jpg 526w, http:\/\/www.elemiah.fr\/wp-content\/uploads\/2015\/11\/93-225x300.jpg 225w\" sizes=\"(max-width: 526px) 100vw, 526px\" \/>\t\t<\/a>\n\t<\/div>\n\t\t<\/div>\n\t\t<div class=\"qodef-e-content\">\n\t\t\t<div class=\"qodef-e-content-inner\">\n\t\t\t\t\t\t\t\t\t<a itemprop=\"url\" href=\"http:\/\/www.elemiah.fr\/en\/portfolio-item\/93-a-suburbs-history\/\" target=\"_self\"><\/a>\n\t\t\t\t\t\t\t\t<h4 itemprop=\"name\" class=\"qodef-e-title entry-title qodef-e-title-main\" >\n\t<a itemprop=\"url\" class=\"qodef-e-title-link\" href=\"http:\/\/www.elemiah.fr\/en\/portfolio-item\/93-a-suburbs-history\/\" target=\"_self\">\n\t\t93, A SUBURB\u2019S HISTORY\t<\/a>\n<\/h4>\t\t\t\t<div class=\"qodef-e-info-category\">\n\t<a itemprop=\"url\" class=\"qodef-e-category\" href=\"http:\/\/www.elemiah.fr\/en\/portfolio-category\/documentaries\/\">Documentaries<\/a><\/div>\n\t\t\t<\/div>\n\t\t<\/div>\n\t<\/div>\n<\/article><article class=\"qodef-e qodef-grid-item post-3930 portfolio-item type-portfolio-item status-publish has-post-thumbnail hentry portfolio-category-documentaries\">\n\t<div class=\"qodef-e-inner\" >\n\t\t<div class=\"qodef-e-image\">\n\t\t\t\t<div class=\"qodef-e-media-image\">\n\t\t<a itemprop=\"url\" href=\"http:\/\/www.elemiah.fr\/en\/portfolio-item\/glass-ceiling-pioneers\/\" target=\"_self\">\n\t\t\t<img loading=\"lazy\" decoding=\"async\" width=\"464\" height=\"648\" src=\"http:\/\/www.elemiah.fr\/wp-content\/uploads\/2015\/08\/Le-Plafond-de-VerreLes-d\u00e9fricheurs.png\" class=\"attachment-full size-full wp-post-image\" alt=\"\" srcset=\"http:\/\/www.elemiah.fr\/wp-content\/uploads\/2015\/08\/Le-Plafond-de-VerreLes-d\u00e9fricheurs.png 464w, http:\/\/www.elemiah.fr\/wp-content\/uploads\/2015\/08\/Le-Plafond-de-VerreLes-d\u00e9fricheurs-215x300.png 215w\" sizes=\"(max-width: 464px) 100vw, 464px\" \/>\t\t<\/a>\n\t<\/div>\n\t\t<\/div>\n\t\t<div class=\"qodef-e-content\">\n\t\t\t<div class=\"qodef-e-content-inner\">\n\t\t\t\t\t\t\t\t\t<a itemprop=\"url\" href=\"http:\/\/www.elemiah.fr\/en\/portfolio-item\/glass-ceiling-pioneers\/\" target=\"_self\"><\/a>\n\t\t\t\t\t\t\t\t<h4 itemprop=\"name\" class=\"qodef-e-title entry-title qodef-e-title-main\" >\n\t<a itemprop=\"url\" class=\"qodef-e-title-link\" href=\"http:\/\/www.elemiah.fr\/en\/portfolio-item\/glass-ceiling-pioneers\/\" target=\"_self\">\n\t\tGLASS CEILING \u2013 PIONEERS\t<\/a>\n<\/h4>\t\t\t\t<div class=\"qodef-e-info-category\">\n\t<a itemprop=\"url\" class=\"qodef-e-category\" href=\"http:\/\/www.elemiah.fr\/en\/portfolio-category\/documentaries\/\">Documentaries<\/a><\/div>\n\t\t\t<\/div>\n\t\t<\/div>\n\t<\/div>\n<\/article><article class=\"qodef-e qodef-grid-item post-3932 portfolio-item type-portfolio-item status-publish has-post-thumbnail hentry portfolio-category-documentaries portfolio-category-home\">\n\t<div class=\"qodef-e-inner\" >\n\t\t<div class=\"qodef-e-image\">\n\t\t\t\t<div class=\"qodef-e-media-image\">\n\t\t<a itemprop=\"url\" href=\"http:\/\/www.elemiah.fr\/en\/portfolio-item\/congolese-rumba\/\" target=\"_self\">\n\t\t\t<img loading=\"lazy\" decoding=\"async\" width=\"595\" height=\"841\" src=\"http:\/\/www.elemiah.fr\/wp-content\/uploads\/2026\/03\/RB-EMMY.png\" class=\"attachment-full size-full wp-post-image\" alt=\"\" srcset=\"http:\/\/www.elemiah.fr\/wp-content\/uploads\/2026\/03\/RB-EMMY.png 595w, http:\/\/www.elemiah.fr\/wp-content\/uploads\/2026\/03\/RB-EMMY-212x300.png 212w\" sizes=\"(max-width: 595px) 100vw, 595px\" \/>\t\t<\/a>\n\t<\/div>\n\t\t<\/div>\n\t\t<div class=\"qodef-e-content\">\n\t\t\t<div class=\"qodef-e-content-inner\">\n\t\t\t\t\t\t\t\t\t<a itemprop=\"url\" href=\"http:\/\/www.elemiah.fr\/en\/portfolio-item\/congolese-rumba\/\" target=\"_self\"><\/a>\n\t\t\t\t\t\t\t\t<h4 itemprop=\"name\" class=\"qodef-e-title entry-title qodef-e-title-main\" >\n\t<a itemprop=\"url\" class=\"qodef-e-title-link\" href=\"http:\/\/www.elemiah.fr\/en\/portfolio-item\/congolese-rumba\/\" target=\"_self\">\n\t\tCongolese Rumba\t<\/a>\n<\/h4>\t\t\t\t<div class=\"qodef-e-info-category\">\n\t<a itemprop=\"url\" class=\"qodef-e-category\" href=\"http:\/\/www.elemiah.fr\/en\/portfolio-category\/documentaries\/\">Documentaries<\/a><a itemprop=\"url\" class=\"qodef-e-category\" href=\"http:\/\/www.elemiah.fr\/en\/portfolio-category\/home\/\">Home<\/a><\/div>\n\t\t\t<\/div>\n\t\t<\/div>\n\t<\/div>\n<\/article>\t<\/div>\n\t<\/div>\t\t\t\t<\/div>\n\t\t\t\t<\/div>\n\t\t\t\t\t<\/div>\n\t\t<\/div>\n\t\t\t\t\t<\/div>\n\t\t<\/section>\n\t\t\t\t<\/div>\n\t\t","protected":false},"excerpt":{"rendered":"<p>Documentaries Discover the documentaries developed by Elemiah, films that offer a thoughtful and committed perspective on the world around us. Through documentary filmmaking, we explore real stories, unique journeys, and social issues that deserve to be told.Each documentary project is grounded in an approach of observation, listening, and transmission. Whether portraits, investigations, or immersive narratives, [&hellip;]<\/p>\n","protected":false},"author":3,"featured_media":0,"parent":0,"menu_order":0,"comment_status":"closed","ping_status":"closed","template":"page-full-width.php","meta":{"footnotes":""},"class_list":["post-3961","page","type-page","status-publish","hentry"],"yoast_head":"<!-- This site is optimized with the Yoast SEO plugin v27.3 - https:\/\/yoast.com\/product\/yoast-seo-wordpress\/ -->\n<title>Documentaries - Elemiah<\/title>\n<meta name=\"description\" content=\"Discover Elemiah\u2019s documentaries, committed films that explore reality, life journeys, and social issues.\" \/>\n<meta name=\"robots\" content=\"index, follow, max-snippet:-1, max-image-preview:large, max-video-preview:-1\" \/>\n<link rel=\"canonical\" href=\"http:\/\/www.elemiah.fr\/en\/documentaries\/\" \/>\n<meta property=\"og:locale\" content=\"en_US\" \/>\n<meta property=\"og:type\" content=\"article\" \/>\n<meta property=\"og:title\" content=\"Documentaries - Elemiah\" \/>\n<meta property=\"og:description\" content=\"Discover Elemiah\u2019s documentaries, committed films that explore reality, life journeys, and social issues.\" \/>\n<meta property=\"og:url\" content=\"http:\/\/www.elemiah.fr\/en\/documentaries\/\" \/>\n<meta property=\"og:site_name\" content=\"Elemiah\" \/>\n<meta property=\"article:modified_time\" content=\"2026-04-06T09:56:46+00:00\" \/>\n<meta property=\"og:image\" content=\"https:\/\/www.elemiah.fr\/wp-content\/uploads\/2015\/08\/METRO-BUS-RER-JAQ.jpg\" \/>\n<meta name=\"twitter:card\" content=\"summary_large_image\" \/>\n<meta name=\"twitter:label1\" content=\"Est. reading time\" \/>\n\t<meta name=\"twitter:data1\" content=\"1 minute\" \/>\n<script type=\"application\/ld+json\" class=\"yoast-schema-graph\">{\"@context\":\"https:\\\/\\\/schema.org\",\"@graph\":[{\"@type\":\"WebPage\",\"@id\":\"http:\\\/\\\/www.elemiah.fr\\\/en\\\/documentaries\\\/\",\"url\":\"http:\\\/\\\/www.elemiah.fr\\\/en\\\/documentaries\\\/\",\"name\":\"Documentaries - Elemiah\",\"isPartOf\":{\"@id\":\"http:\\\/\\\/www.elemiah.fr\\\/en\\\/#website\"},\"primaryImageOfPage\":{\"@id\":\"http:\\\/\\\/www.elemiah.fr\\\/en\\\/documentaries\\\/#primaryimage\"},\"image\":{\"@id\":\"http:\\\/\\\/www.elemiah.fr\\\/en\\\/documentaries\\\/#primaryimage\"},\"thumbnailUrl\":\"https:\\\/\\\/www.elemiah.fr\\\/wp-content\\\/uploads\\\/2015\\\/08\\\/METRO-BUS-RER-JAQ.jpg\",\"datePublished\":\"2026-03-03T15:16:01+00:00\",\"dateModified\":\"2026-04-06T09:56:46+00:00\",\"description\":\"Discover Elemiah\u2019s documentaries, committed films that explore reality, life journeys, and social issues.\",\"breadcrumb\":{\"@id\":\"http:\\\/\\\/www.elemiah.fr\\\/en\\\/documentaries\\\/#breadcrumb\"},\"inLanguage\":\"en-US\",\"potentialAction\":[{\"@type\":\"ReadAction\",\"target\":[\"http:\\\/\\\/www.elemiah.fr\\\/en\\\/documentaries\\\/\"]}]},{\"@type\":\"ImageObject\",\"inLanguage\":\"en-US\",\"@id\":\"http:\\\/\\\/www.elemiah.fr\\\/en\\\/documentaries\\\/#primaryimage\",\"url\":\"https:\\\/\\\/www.elemiah.fr\\\/wp-content\\\/uploads\\\/2015\\\/08\\\/METRO-BUS-RER-JAQ.jpg\",\"contentUrl\":\"https:\\\/\\\/www.elemiah.fr\\\/wp-content\\\/uploads\\\/2015\\\/08\\\/METRO-BUS-RER-JAQ.jpg\"},{\"@type\":\"BreadcrumbList\",\"@id\":\"http:\\\/\\\/www.elemiah.fr\\\/en\\\/documentaries\\\/#breadcrumb\",\"itemListElement\":[{\"@type\":\"ListItem\",\"position\":1,\"name\":\"Accueil\",\"item\":\"http:\\\/\\\/www.elemiah.fr\\\/en\\\/\"},{\"@type\":\"ListItem\",\"position\":2,\"name\":\"Documentaries\"}]},{\"@type\":\"WebSite\",\"@id\":\"http:\\\/\\\/www.elemiah.fr\\\/en\\\/#website\",\"url\":\"http:\\\/\\\/www.elemiah.fr\\\/en\\\/\",\"name\":\"Elemiah\",\"description\":\"Soci\u00e9t\u00e9 de production de films engag\u00e9s\",\"publisher\":{\"@id\":\"http:\\\/\\\/www.elemiah.fr\\\/en\\\/#organization\"},\"potentialAction\":[{\"@type\":\"SearchAction\",\"target\":{\"@type\":\"EntryPoint\",\"urlTemplate\":\"http:\\\/\\\/www.elemiah.fr\\\/en\\\/?s={search_term_string}\"},\"query-input\":{\"@type\":\"PropertyValueSpecification\",\"valueRequired\":true,\"valueName\":\"search_term_string\"}}],\"inLanguage\":\"en-US\"},{\"@type\":\"Organization\",\"@id\":\"http:\\\/\\\/www.elemiah.fr\\\/en\\\/#organization\",\"name\":\"Elemiah\",\"url\":\"http:\\\/\\\/www.elemiah.fr\\\/en\\\/\",\"logo\":{\"@type\":\"ImageObject\",\"inLanguage\":\"en-US\",\"@id\":\"http:\\\/\\\/www.elemiah.fr\\\/en\\\/#\\\/schema\\\/logo\\\/image\\\/\",\"url\":\"https:\\\/\\\/www.elemiah.fr\\\/wp-content\\\/uploads\\\/2026\\\/03\\\/elemiah-logo-black.png\",\"contentUrl\":\"https:\\\/\\\/www.elemiah.fr\\\/wp-content\\\/uploads\\\/2026\\\/03\\\/elemiah-logo-black.png\",\"width\":1124,\"height\":370,\"caption\":\"Elemiah\"},\"image\":{\"@id\":\"http:\\\/\\\/www.elemiah.fr\\\/en\\\/#\\\/schema\\\/logo\\\/image\\\/\"}}]}<\/script>\n<!-- \/ Yoast SEO plugin. -->","yoast_head_json":{"title":"Documentaries - Elemiah","description":"Discover Elemiah\u2019s documentaries, committed films that explore reality, life journeys, and social issues.","robots":{"index":"index","follow":"follow","max-snippet":"max-snippet:-1","max-image-preview":"max-image-preview:large","max-video-preview":"max-video-preview:-1"},"canonical":"http:\/\/www.elemiah.fr\/en\/documentaries\/","og_locale":"en_US","og_type":"article","og_title":"Documentaries - Elemiah","og_description":"Discover Elemiah\u2019s documentaries, committed films that explore reality, life journeys, and social issues.","og_url":"http:\/\/www.elemiah.fr\/en\/documentaries\/","og_site_name":"Elemiah","article_modified_time":"2026-04-06T09:56:46+00:00","og_image":[{"url":"https:\/\/www.elemiah.fr\/wp-content\/uploads\/2015\/08\/METRO-BUS-RER-JAQ.jpg","type":"","width":"","height":""}],"twitter_card":"summary_large_image","twitter_misc":{"Est. reading time":"1 minute"},"schema":{"@context":"https:\/\/schema.org","@graph":[{"@type":"WebPage","@id":"http:\/\/www.elemiah.fr\/en\/documentaries\/","url":"http:\/\/www.elemiah.fr\/en\/documentaries\/","name":"Documentaries - Elemiah","isPartOf":{"@id":"http:\/\/www.elemiah.fr\/en\/#website"},"primaryImageOfPage":{"@id":"http:\/\/www.elemiah.fr\/en\/documentaries\/#primaryimage"},"image":{"@id":"http:\/\/www.elemiah.fr\/en\/documentaries\/#primaryimage"},"thumbnailUrl":"https:\/\/www.elemiah.fr\/wp-content\/uploads\/2015\/08\/METRO-BUS-RER-JAQ.jpg","datePublished":"2026-03-03T15:16:01+00:00","dateModified":"2026-04-06T09:56:46+00:00","description":"Discover Elemiah\u2019s documentaries, committed films that explore reality, life journeys, and social issues.","breadcrumb":{"@id":"http:\/\/www.elemiah.fr\/en\/documentaries\/#breadcrumb"},"inLanguage":"en-US","potentialAction":[{"@type":"ReadAction","target":["http:\/\/www.elemiah.fr\/en\/documentaries\/"]}]},{"@type":"ImageObject","inLanguage":"en-US","@id":"http:\/\/www.elemiah.fr\/en\/documentaries\/#primaryimage","url":"https:\/\/www.elemiah.fr\/wp-content\/uploads\/2015\/08\/METRO-BUS-RER-JAQ.jpg","contentUrl":"https:\/\/www.elemiah.fr\/wp-content\/uploads\/2015\/08\/METRO-BUS-RER-JAQ.jpg"},{"@type":"BreadcrumbList","@id":"http:\/\/www.elemiah.fr\/en\/documentaries\/#breadcrumb","itemListElement":[{"@type":"ListItem","position":1,"name":"Accueil","item":"http:\/\/www.elemiah.fr\/en\/"},{"@type":"ListItem","position":2,"name":"Documentaries"}]},{"@type":"WebSite","@id":"http:\/\/www.elemiah.fr\/en\/#website","url":"http:\/\/www.elemiah.fr\/en\/","name":"Elemiah","description":"Soci\u00e9t\u00e9 de production de films engag\u00e9s","publisher":{"@id":"http:\/\/www.elemiah.fr\/en\/#organization"},"potentialAction":[{"@type":"SearchAction","target":{"@type":"EntryPoint","urlTemplate":"http:\/\/www.elemiah.fr\/en\/?s={search_term_string}"},"query-input":{"@type":"PropertyValueSpecification","valueRequired":true,"valueName":"search_term_string"}}],"inLanguage":"en-US"},{"@type":"Organization","@id":"http:\/\/www.elemiah.fr\/en\/#organization","name":"Elemiah","url":"http:\/\/www.elemiah.fr\/en\/","logo":{"@type":"ImageObject","inLanguage":"en-US","@id":"http:\/\/www.elemiah.fr\/en\/#\/schema\/logo\/image\/","url":"https:\/\/www.elemiah.fr\/wp-content\/uploads\/2026\/03\/elemiah-logo-black.png","contentUrl":"https:\/\/www.elemiah.fr\/wp-content\/uploads\/2026\/03\/elemiah-logo-black.png","width":1124,"height":370,"caption":"Elemiah"},"image":{"@id":"http:\/\/www.elemiah.fr\/en\/#\/schema\/logo\/image\/"}}]}},"_links":{"self":[{"href":"http:\/\/www.elemiah.fr\/en\/wp-json\/wp\/v2\/pages\/3961","targetHints":{"allow":["GET"]}}],"collection":[{"href":"http:\/\/www.elemiah.fr\/en\/wp-json\/wp\/v2\/pages"}],"about":[{"href":"http:\/\/www.elemiah.fr\/en\/wp-json\/wp\/v2\/types\/page"}],"author":[{"embeddable":true,"href":"http:\/\/www.elemiah.fr\/en\/wp-json\/wp\/v2\/users\/3"}],"replies":[{"embeddable":true,"href":"http:\/\/www.elemiah.fr\/en\/wp-json\/wp\/v2\/comments?post=3961"}],"version-history":[{"count":1,"href":"http:\/\/www.elemiah.fr\/en\/wp-json\/wp\/v2\/pages\/3961\/revisions"}],"predecessor-version":[{"id":3962,"href":"http:\/\/www.elemiah.fr\/en\/wp-json\/wp\/v2\/pages\/3961\/revisions\/3962"}],"wp:attachment":[{"href":"http:\/\/www.elemiah.fr\/en\/wp-json\/wp\/v2\/media?parent=3961"}],"curies":[{"name":"wp","href":"https:\/\/api.w.org\/{rel}","templated":true}]}}