{"id":3957,"date":"2020-04-09T16:43:21","date_gmt":"2020-04-09T15:43:21","guid":{"rendered":"https:\/\/www.elemiah.fr\/our-story\/"},"modified":"2026-04-06T11:21:37","modified_gmt":"2026-04-06T10:21:37","slug":"our-story","status":"publish","type":"page","link":"http:\/\/www.elemiah.fr\/en\/our-story\/","title":{"rendered":"Our Story"},"content":{"rendered":"\t\t<div data-elementor-type=\"wp-page\" data-elementor-id=\"3957\" class=\"elementor elementor-3957 elementor-2172\">\n\t\t\t\t\t\t<section class=\"elementor-section elementor-top-section elementor-element elementor-element-af8ac93 elementor-section-full_width elementor-section-height-default elementor-section-height-default qodef-elementor-content-no\" data-id=\"af8ac93\" data-element_type=\"section\" data-e-type=\"section\" data-settings=\"{&quot;background_background&quot;:&quot;classic&quot;}\">\n\t\t\t\t\t\t<div class=\"elementor-container elementor-column-gap-no\">\n\t\t\t\t\t<div class=\"elementor-column elementor-col-100 elementor-top-column elementor-element elementor-element-816e2ca\" data-id=\"816e2ca\" data-element_type=\"column\" data-e-type=\"column\">\n\t\t\t<div class=\"elementor-widget-wrap elementor-element-populated\">\n\t\t\t\t\t\t<section class=\"elementor-section elementor-inner-section elementor-element elementor-element-f11f600 elementor-section-full_width qodef-elementor-content-grid elementor-section-height-default elementor-section-height-default\" data-id=\"f11f600\" data-element_type=\"section\" data-e-type=\"section\">\n\t\t\t\t\t\t<div class=\"elementor-container elementor-column-gap-no\">\n\t\t\t\t\t<div class=\"elementor-column elementor-col-100 elementor-inner-column elementor-element elementor-element-7f4c430\" data-id=\"7f4c430\" data-element_type=\"column\" data-e-type=\"column\">\n\t\t\t<div class=\"elementor-widget-wrap elementor-element-populated\">\n\t\t\t\t\t\t<div class=\"elementor-element elementor-element-0108514 elementor-widget elementor-widget-pelicula_core_section_title\" data-id=\"0108514\" data-element_type=\"widget\" data-e-type=\"widget\" data-widget_type=\"pelicula_core_section_title.default\">\n\t\t\t\t<div class=\"elementor-widget-container\">\n\t\t\t\t\t<div class=\"qodef-shortcode qodef-m qodef-section-title qodef-alignment--center\" data-holder-options=\"{&quot;line-breaks&quot;:&quot;&quot;}\">\n\t\t<h6 class=\"qodef-m-tagline\" style=\"color: #A6A6A6\">\n\t\tElemiah\t<\/h6>\n\t    \t<h1 class=\"qodef-m-title\" style=\"color: #FFFFFF\">\n\t\t\tA committed audiovisual production company\t<\/h1>\n    \t<\/div>\t\t\t\t<\/div>\n\t\t\t\t<\/div>\n\t\t\t\t<div class=\"elementor-element elementor-element-40aaab7 elementor-widget elementor-widget-text-editor\" data-id=\"40aaab7\" data-element_type=\"widget\" data-e-type=\"widget\" data-widget_type=\"text-editor.default\">\n\t\t\t\t\t\t\t\t\t<p style=\"text-align: center;\" data-start=\"195\" data-end=\"519\">Elemiah is an independent film and audiovisual production company that develops bold projects at the crossroads of mainstream cinema and auteur filmmaking. We produce works that carry a strong vision, rooted in their time and designed to resonate with audiences over the long term.<\/p><p style=\"text-align: center;\" data-start=\"521\" data-end=\"806\">Through our films, we explore stories inspired by real life, driven by deeply embodied characters and narratives that captivate as much as they provoke thought. Our ambition is to create accessible content without ever compromising its uniqueness or artistic standards.<\/p>\t\t\t\t\t\t\t\t<\/div>\n\t\t\t\t<div class=\"elementor-element elementor-element-222ee1c elementor-widget elementor-widget-pelicula_core_section_title\" data-id=\"222ee1c\" data-element_type=\"widget\" data-e-type=\"widget\" data-widget_type=\"pelicula_core_section_title.default\">\n\t\t\t\t<div class=\"elementor-widget-container\">\n\t\t\t\t\t<div class=\"qodef-shortcode qodef-m qodef-section-title qodef-alignment--center\" data-holder-options=\"{&quot;line-breaks&quot;:&quot;&quot;}\">\n\t\t    \t<h3 class=\"qodef-m-title\" style=\"color: #FFFFFF\">\n\t\t\tFilm production balancing artistic ambition and social impact\t<\/h3>\n    \t\t<p class=\"qodef-m-text\" style=\"color: #FFFFFF\">Elemiah develops documentaries, television fiction, and feature films that do not follow trends but seek to leave a lasting mark. Each project is designed to engage, circulate ideas, and leave a lasting impression over time.&lt;br&gt;Whatever the format, cinema, television, or short-form programs, we uphold a demanding approach to storytelling, with stories that question society, challenge prejudice, and contribute to a more accurate representation of reality. For us, images are a powerful tool for transformation, representation, and inclusion.<\/p>\n<\/div>\t\t\t\t<\/div>\n\t\t\t\t<\/div>\n\t\t\t\t<div class=\"elementor-element elementor-element-06aa3d2 elementor-widget elementor-widget-pelicula_core_section_title\" data-id=\"06aa3d2\" data-element_type=\"widget\" data-e-type=\"widget\" data-widget_type=\"pelicula_core_section_title.default\">\n\t\t\t\t<div class=\"elementor-widget-container\">\n\t\t\t\t\t<div class=\"qodef-shortcode qodef-m qodef-section-title qodef-alignment--center\" data-holder-options=\"{&quot;line-breaks&quot;:&quot;&quot;}\">\n\t\t    \t<h3 class=\"qodef-m-title\" style=\"color: #FFFFFF\">\n\t\t\tA contemporary and inclusive vision of society\t<\/h3>\n    \t\t<p class=\"qodef-m-text\" style=\"color: #FFFFFF\">Elemiah has a clear vision: to portray France as it is today, diverse, vibrant, and constantly evolving. A reality that is still too rarely seen on screen, which we choose to portray with accuracy, without caricature or oversimplification.&lt;br&gt;We are convinced that talent already exists, but that opportunities are sometimes lacking. That is why we support a new generation of creators, actors, and directors from diverse backgrounds, giving them the means to produce, express themselves, and distribute their work.&lt;br&gt;Our approach is both artistic and strategic, producing without compromise while balancing editorial ambition with economic realism, in order to establish these narratives sustainably at the heart of the audiovisual industry.<\/p>\n<\/div>\t\t\t\t<\/div>\n\t\t\t\t<\/div>\n\t\t\t\t\t<\/div>\n\t\t<\/div>\n\t\t\t\t\t<\/div>\n\t\t<\/section>\n\t\t\t\t<div class=\"elementor-element elementor-element-a7209d0 elementor-widget elementor-widget-qi_addons_for_elementor_image_gallery\" data-id=\"a7209d0\" data-element_type=\"widget\" data-e-type=\"widget\" data-widget_type=\"qi_addons_for_elementor_image_gallery.default\">\n\t\t\t\t<div class=\"elementor-widget-container\">\n\t\t\t\t\t<div class=\"qodef-shortcode qodef-m qodef-qi-image-gallery qodef-qi-fslightbox-popup qodef-popup-gallery qodef-image--hover-zoom qodef-qi-grid qodef-layout--qi-columns qodef-col-num--3 qodef-responsive--predefined\">\n\t<div class=\"qodef-grid-inner\">\n\t\t<div class=\"qodef-e qodef-image-wrapper qodef-grid-item\">\n\t<div class=\"qodef-e-inner\">\n\t\t\t\t\t<a class=\"qodef-popup-item\" itemprop=\"image\" href=\"http:\/\/www.elemiah.fr\/wp-content\/uploads\/2026\/03\/RB-EMMY.png\" data-type=\"image\" data-fslightbox=\"gallery-370\">\n\t\t\t\t\t<img fetchpriority=\"high\" decoding=\"async\" width=\"595\" height=\"841\" src=\"http:\/\/www.elemiah.fr\/wp-content\/uploads\/2026\/03\/RB-EMMY.png\" class=\"attachment-full size-full\" alt=\"\" srcset=\"http:\/\/www.elemiah.fr\/wp-content\/uploads\/2026\/03\/RB-EMMY.png 595w, http:\/\/www.elemiah.fr\/wp-content\/uploads\/2026\/03\/RB-EMMY-212x300.png 212w\" sizes=\"(max-width: 595px) 100vw, 595px\" \/>\t\t\t\t\t<\/a>\n\t\t\t<\/div>\n<\/div>\n<div class=\"qodef-e qodef-image-wrapper qodef-grid-item\">\n\t<div class=\"qodef-e-inner\">\n\t\t\t\t\t<a class=\"qodef-popup-item\" itemprop=\"image\" href=\"http:\/\/www.elemiah.fr\/wp-content\/uploads\/2026\/03\/les-pieds-sur-terre.webp\" data-type=\"image\" data-fslightbox=\"gallery-370\">\n\t\t\t\t\t<img decoding=\"async\" width=\"1200\" height=\"1600\" src=\"http:\/\/www.elemiah.fr\/wp-content\/uploads\/2026\/03\/les-pieds-sur-terre.webp\" class=\"attachment-full size-full\" alt=\"\" srcset=\"http:\/\/www.elemiah.fr\/wp-content\/uploads\/2026\/03\/les-pieds-sur-terre.webp 1200w, http:\/\/www.elemiah.fr\/wp-content\/uploads\/2026\/03\/les-pieds-sur-terre-225x300.webp 225w, http:\/\/www.elemiah.fr\/wp-content\/uploads\/2026\/03\/les-pieds-sur-terre-768x1024.webp 768w, http:\/\/www.elemiah.fr\/wp-content\/uploads\/2026\/03\/les-pieds-sur-terre-1152x1536.webp 1152w\" sizes=\"(max-width: 1200px) 100vw, 1200px\" \/>\t\t\t\t\t<\/a>\n\t\t\t<\/div>\n<\/div>\n<div class=\"qodef-e qodef-image-wrapper qodef-grid-item\">\n\t<div class=\"qodef-e-inner\">\n\t\t\t\t\t<a class=\"qodef-popup-item\" itemprop=\"image\" href=\"http:\/\/www.elemiah.fr\/wp-content\/uploads\/2026\/03\/pionniers.jpg\" data-type=\"image\" data-fslightbox=\"gallery-370\">\n\t\t\t\t\t<img decoding=\"async\" width=\"1000\" height=\"1497\" src=\"http:\/\/www.elemiah.fr\/wp-content\/uploads\/2026\/03\/pionniers.jpg\" class=\"attachment-full size-full\" alt=\"\" srcset=\"http:\/\/www.elemiah.fr\/wp-content\/uploads\/2026\/03\/pionniers.jpg 1000w, http:\/\/www.elemiah.fr\/wp-content\/uploads\/2026\/03\/pionniers-200x300.jpg 200w, http:\/\/www.elemiah.fr\/wp-content\/uploads\/2026\/03\/pionniers-684x1024.jpg 684w, http:\/\/www.elemiah.fr\/wp-content\/uploads\/2026\/03\/pionniers-768x1150.jpg 768w\" sizes=\"(max-width: 1000px) 100vw, 1000px\" \/>\t\t\t\t\t<\/a>\n\t\t\t<\/div>\n<\/div>\n<div class=\"qodef-e qodef-image-wrapper qodef-grid-item\">\n\t<div class=\"qodef-e-inner\">\n\t\t\t\t\t<a class=\"qodef-popup-item\" itemprop=\"image\" href=\"http:\/\/www.elemiah.fr\/wp-content\/uploads\/2026\/03\/jj-showman.jpg\" data-type=\"image\" data-fslightbox=\"gallery-370\">\n\t\t\t\t\t<img loading=\"lazy\" decoding=\"async\" width=\"461\" height=\"634\" src=\"http:\/\/www.elemiah.fr\/wp-content\/uploads\/2026\/03\/jj-showman.jpg\" class=\"attachment-full size-full\" alt=\"\" srcset=\"http:\/\/www.elemiah.fr\/wp-content\/uploads\/2026\/03\/jj-showman.jpg 461w, http:\/\/www.elemiah.fr\/wp-content\/uploads\/2026\/03\/jj-showman-218x300.jpg 218w\" sizes=\"(max-width: 461px) 100vw, 461px\" \/>\t\t\t\t\t<\/a>\n\t\t\t<\/div>\n<\/div>\n<div class=\"qodef-e qodef-image-wrapper qodef-grid-item\">\n\t<div class=\"qodef-e-inner\">\n\t\t\t\t\t<a class=\"qodef-popup-item\" itemprop=\"image\" href=\"http:\/\/www.elemiah.fr\/wp-content\/uploads\/2021\/11\/0700381-e1635937297363.jpg\" data-type=\"image\" data-fslightbox=\"gallery-370\">\n\t\t\t\t\t<img loading=\"lazy\" decoding=\"async\" width=\"571\" height=\"842\" src=\"http:\/\/www.elemiah.fr\/wp-content\/uploads\/2021\/11\/0700381-e1635937297363.jpg\" class=\"attachment-full size-full\" alt=\"\" \/>\t\t\t\t\t<\/a>\n\t\t\t<\/div>\n<\/div>\n<div class=\"qodef-e qodef-image-wrapper qodef-grid-item\">\n\t<div class=\"qodef-e-inner\">\n\t\t\t\t\t<a class=\"qodef-popup-item\" itemprop=\"image\" href=\"http:\/\/www.elemiah.fr\/wp-content\/uploads\/2021\/11\/Capture-d\u2019\u00e9cran-2021-11-03-\u00e0-10.59.20-e1635933677525.png\" data-type=\"image\" data-fslightbox=\"gallery-370\">\n\t\t\t\t\t<img loading=\"lazy\" decoding=\"async\" width=\"1121\" height=\"1397\" src=\"http:\/\/www.elemiah.fr\/wp-content\/uploads\/2021\/11\/Capture-d\u2019\u00e9cran-2021-11-03-\u00e0-10.59.20-e1635933677525.png\" class=\"attachment-full size-full\" alt=\"\" srcset=\"http:\/\/www.elemiah.fr\/wp-content\/uploads\/2021\/11\/Capture-d\u2019\u00e9cran-2021-11-03-\u00e0-10.59.20-e1635933677525.png 1121w, http:\/\/www.elemiah.fr\/wp-content\/uploads\/2021\/11\/Capture-d\u2019\u00e9cran-2021-11-03-\u00e0-10.59.20-e1635933677525-241x300.png 241w, http:\/\/www.elemiah.fr\/wp-content\/uploads\/2021\/11\/Capture-d\u2019\u00e9cran-2021-11-03-\u00e0-10.59.20-e1635933677525-768x957.png 768w, http:\/\/www.elemiah.fr\/wp-content\/uploads\/2021\/11\/Capture-d\u2019\u00e9cran-2021-11-03-\u00e0-10.59.20-e1635933677525-822x1024.png 822w\" sizes=\"(max-width: 1121px) 100vw, 1121px\" \/>\t\t\t\t\t<\/a>\n\t\t\t<\/div>\n<\/div>\n<div class=\"qodef-e qodef-image-wrapper qodef-grid-item\">\n\t<div class=\"qodef-e-inner\">\n\t\t\t\t\t<a class=\"qodef-popup-item\" itemprop=\"image\" href=\"http:\/\/www.elemiah.fr\/wp-content\/uploads\/2026\/03\/garder-ton-nom.jpg\" data-type=\"image\" data-fslightbox=\"gallery-370\">\n\t\t\t\t\t<img loading=\"lazy\" decoding=\"async\" width=\"1175\" height=\"1600\" src=\"http:\/\/www.elemiah.fr\/wp-content\/uploads\/2026\/03\/garder-ton-nom.jpg\" class=\"attachment-full size-full\" alt=\"\" srcset=\"http:\/\/www.elemiah.fr\/wp-content\/uploads\/2026\/03\/garder-ton-nom.jpg 1175w, http:\/\/www.elemiah.fr\/wp-content\/uploads\/2026\/03\/garder-ton-nom-220x300.jpg 220w, http:\/\/www.elemiah.fr\/wp-content\/uploads\/2026\/03\/garder-ton-nom-752x1024.jpg 752w, http:\/\/www.elemiah.fr\/wp-content\/uploads\/2026\/03\/garder-ton-nom-768x1046.jpg 768w, http:\/\/www.elemiah.fr\/wp-content\/uploads\/2026\/03\/garder-ton-nom-1128x1536.jpg 1128w\" sizes=\"(max-width: 1175px) 100vw, 1175px\" \/>\t\t\t\t\t<\/a>\n\t\t\t<\/div>\n<\/div>\n<div class=\"qodef-e qodef-image-wrapper qodef-grid-item\">\n\t<div class=\"qodef-e-inner\">\n\t\t\t\t\t<a class=\"qodef-popup-item\" itemprop=\"image\" href=\"http:\/\/www.elemiah.fr\/wp-content\/uploads\/2018\/02\/discount.jpg\" data-type=\"image\" data-fslightbox=\"gallery-370\">\n\t\t\t\t\t<img loading=\"lazy\" decoding=\"async\" width=\"495\" height=\"700\" src=\"http:\/\/www.elemiah.fr\/wp-content\/uploads\/2018\/02\/discount.jpg\" class=\"attachment-full size-full\" alt=\"\" srcset=\"http:\/\/www.elemiah.fr\/wp-content\/uploads\/2018\/02\/discount.jpg 495w, http:\/\/www.elemiah.fr\/wp-content\/uploads\/2018\/02\/discount-212x300.jpg 212w\" sizes=\"(max-width: 495px) 100vw, 495px\" \/>\t\t\t\t\t<\/a>\n\t\t\t<\/div>\n<\/div>\n<div class=\"qodef-e qodef-image-wrapper qodef-grid-item\">\n\t<div class=\"qodef-e-inner\">\n\t\t\t\t\t<a class=\"qodef-popup-item\" itemprop=\"image\" href=\"http:\/\/www.elemiah.fr\/wp-content\/uploads\/2018\/10\/les-invisibles.jpg\" data-type=\"image\" data-fslightbox=\"gallery-370\">\n\t\t\t\t\t<img loading=\"lazy\" decoding=\"async\" width=\"595\" height=\"842\" src=\"http:\/\/www.elemiah.fr\/wp-content\/uploads\/2018\/10\/les-invisibles.jpg\" class=\"attachment-full size-full\" alt=\"\" srcset=\"http:\/\/www.elemiah.fr\/wp-content\/uploads\/2018\/10\/les-invisibles.jpg 595w, http:\/\/www.elemiah.fr\/wp-content\/uploads\/2018\/10\/les-invisibles-212x300.jpg 212w\" sizes=\"(max-width: 595px) 100vw, 595px\" \/>\t\t\t\t\t<\/a>\n\t\t\t<\/div>\n<\/div>\n\t<\/div>\n<\/div>\n\t\t\t\t<\/div>\n\t\t\t\t<\/div>\n\t\t\t\t\t<\/div>\n\t\t<\/div>\n\t\t\t\t\t<\/div>\n\t\t<\/section>\n\t\t\t\t<\/div>\n\t\t","protected":false},"excerpt":{"rendered":"<p>Elemiah A committed audiovisual production company Elemiah is an independent film and audiovisual production company that develops bold projects at the crossroads of mainstream cinema and auteur filmmaking. We produce works that carry a strong vision, rooted in their time and designed to resonate with audiences over the long term. Through our films, we explore [&hellip;]<\/p>\n","protected":false},"author":3,"featured_media":0,"parent":0,"menu_order":0,"comment_status":"closed","ping_status":"closed","template":"page-full-width.php","meta":{"footnotes":""},"class_list":["post-3957","page","type-page","status-publish","hentry"],"yoast_head":"<!-- This site is optimized with the Yoast SEO plugin v27.3 - https:\/\/yoast.com\/product\/yoast-seo-wordpress\/ -->\n<title>Our Story - Elemiah<\/title>\n<meta name=\"description\" content=\"Discover the story of Elemiah, an audiovisual production company committed to films that question our times and its issues.\" \/>\n<meta name=\"robots\" content=\"index, follow, max-snippet:-1, max-image-preview:large, max-video-preview:-1\" \/>\n<link rel=\"canonical\" href=\"http:\/\/www.elemiah.fr\/en\/our-story\/\" \/>\n<meta property=\"og:locale\" content=\"en_US\" \/>\n<meta property=\"og:type\" content=\"article\" \/>\n<meta property=\"og:title\" content=\"Our Story - Elemiah\" \/>\n<meta property=\"og:description\" content=\"Discover the story of Elemiah, an audiovisual production company committed to films that question our times and its issues.\" \/>\n<meta property=\"og:url\" content=\"http:\/\/www.elemiah.fr\/en\/our-story\/\" \/>\n<meta property=\"og:site_name\" content=\"Elemiah\" \/>\n<meta property=\"article:modified_time\" content=\"2026-04-06T10:21:37+00:00\" \/>\n<meta property=\"og:image\" content=\"http:\/\/www.elemiah.fr\/wp-content\/uploads\/2026\/03\/RB-EMMY.png\" \/>\n<meta name=\"twitter:card\" content=\"summary_large_image\" \/>\n<meta name=\"twitter:label1\" content=\"Est. reading time\" \/>\n\t<meta name=\"twitter:data1\" content=\"3 minutes\" \/>\n<script type=\"application\/ld+json\" class=\"yoast-schema-graph\">{\"@context\":\"https:\\\/\\\/schema.org\",\"@graph\":[{\"@type\":\"WebPage\",\"@id\":\"http:\\\/\\\/www.elemiah.fr\\\/en\\\/our-story\\\/\",\"url\":\"http:\\\/\\\/www.elemiah.fr\\\/en\\\/our-story\\\/\",\"name\":\"Our Story - Elemiah\",\"isPartOf\":{\"@id\":\"http:\\\/\\\/www.elemiah.fr\\\/en\\\/#website\"},\"primaryImageOfPage\":{\"@id\":\"http:\\\/\\\/www.elemiah.fr\\\/en\\\/our-story\\\/#primaryimage\"},\"image\":{\"@id\":\"http:\\\/\\\/www.elemiah.fr\\\/en\\\/our-story\\\/#primaryimage\"},\"thumbnailUrl\":\"http:\\\/\\\/www.elemiah.fr\\\/wp-content\\\/uploads\\\/2026\\\/03\\\/RB-EMMY.png\",\"datePublished\":\"2020-04-09T15:43:21+00:00\",\"dateModified\":\"2026-04-06T10:21:37+00:00\",\"description\":\"Discover the story of Elemiah, an audiovisual production company committed to films that question our times and its issues.\",\"breadcrumb\":{\"@id\":\"http:\\\/\\\/www.elemiah.fr\\\/en\\\/our-story\\\/#breadcrumb\"},\"inLanguage\":\"en-US\",\"potentialAction\":[{\"@type\":\"ReadAction\",\"target\":[\"http:\\\/\\\/www.elemiah.fr\\\/en\\\/our-story\\\/\"]}]},{\"@type\":\"ImageObject\",\"inLanguage\":\"en-US\",\"@id\":\"http:\\\/\\\/www.elemiah.fr\\\/en\\\/our-story\\\/#primaryimage\",\"url\":\"http:\\\/\\\/www.elemiah.fr\\\/wp-content\\\/uploads\\\/2026\\\/03\\\/RB-EMMY.png\",\"contentUrl\":\"http:\\\/\\\/www.elemiah.fr\\\/wp-content\\\/uploads\\\/2026\\\/03\\\/RB-EMMY.png\"},{\"@type\":\"BreadcrumbList\",\"@id\":\"http:\\\/\\\/www.elemiah.fr\\\/en\\\/our-story\\\/#breadcrumb\",\"itemListElement\":[{\"@type\":\"ListItem\",\"position\":1,\"name\":\"Accueil\",\"item\":\"http:\\\/\\\/www.elemiah.fr\\\/en\\\/\"},{\"@type\":\"ListItem\",\"position\":2,\"name\":\"Our Story\"}]},{\"@type\":\"WebSite\",\"@id\":\"http:\\\/\\\/www.elemiah.fr\\\/en\\\/#website\",\"url\":\"http:\\\/\\\/www.elemiah.fr\\\/en\\\/\",\"name\":\"Elemiah\",\"description\":\"Soci\u00e9t\u00e9 de production de films engag\u00e9s\",\"publisher\":{\"@id\":\"http:\\\/\\\/www.elemiah.fr\\\/en\\\/#organization\"},\"potentialAction\":[{\"@type\":\"SearchAction\",\"target\":{\"@type\":\"EntryPoint\",\"urlTemplate\":\"http:\\\/\\\/www.elemiah.fr\\\/en\\\/?s={search_term_string}\"},\"query-input\":{\"@type\":\"PropertyValueSpecification\",\"valueRequired\":true,\"valueName\":\"search_term_string\"}}],\"inLanguage\":\"en-US\"},{\"@type\":\"Organization\",\"@id\":\"http:\\\/\\\/www.elemiah.fr\\\/en\\\/#organization\",\"name\":\"Elemiah\",\"url\":\"http:\\\/\\\/www.elemiah.fr\\\/en\\\/\",\"logo\":{\"@type\":\"ImageObject\",\"inLanguage\":\"en-US\",\"@id\":\"http:\\\/\\\/www.elemiah.fr\\\/en\\\/#\\\/schema\\\/logo\\\/image\\\/\",\"url\":\"https:\\\/\\\/www.elemiah.fr\\\/wp-content\\\/uploads\\\/2026\\\/03\\\/elemiah-logo-black.png\",\"contentUrl\":\"https:\\\/\\\/www.elemiah.fr\\\/wp-content\\\/uploads\\\/2026\\\/03\\\/elemiah-logo-black.png\",\"width\":1124,\"height\":370,\"caption\":\"Elemiah\"},\"image\":{\"@id\":\"http:\\\/\\\/www.elemiah.fr\\\/en\\\/#\\\/schema\\\/logo\\\/image\\\/\"}}]}<\/script>\n<!-- \/ Yoast SEO plugin. -->","yoast_head_json":{"title":"Our Story - Elemiah","description":"Discover the story of Elemiah, an audiovisual production company committed to films that question our times and its issues.","robots":{"index":"index","follow":"follow","max-snippet":"max-snippet:-1","max-image-preview":"max-image-preview:large","max-video-preview":"max-video-preview:-1"},"canonical":"http:\/\/www.elemiah.fr\/en\/our-story\/","og_locale":"en_US","og_type":"article","og_title":"Our Story - Elemiah","og_description":"Discover the story of Elemiah, an audiovisual production company committed to films that question our times and its issues.","og_url":"http:\/\/www.elemiah.fr\/en\/our-story\/","og_site_name":"Elemiah","article_modified_time":"2026-04-06T10:21:37+00:00","og_image":[{"url":"http:\/\/www.elemiah.fr\/wp-content\/uploads\/2026\/03\/RB-EMMY.png","type":"","width":"","height":""}],"twitter_card":"summary_large_image","twitter_misc":{"Est. reading time":"3 minutes"},"schema":{"@context":"https:\/\/schema.org","@graph":[{"@type":"WebPage","@id":"http:\/\/www.elemiah.fr\/en\/our-story\/","url":"http:\/\/www.elemiah.fr\/en\/our-story\/","name":"Our Story - Elemiah","isPartOf":{"@id":"http:\/\/www.elemiah.fr\/en\/#website"},"primaryImageOfPage":{"@id":"http:\/\/www.elemiah.fr\/en\/our-story\/#primaryimage"},"image":{"@id":"http:\/\/www.elemiah.fr\/en\/our-story\/#primaryimage"},"thumbnailUrl":"http:\/\/www.elemiah.fr\/wp-content\/uploads\/2026\/03\/RB-EMMY.png","datePublished":"2020-04-09T15:43:21+00:00","dateModified":"2026-04-06T10:21:37+00:00","description":"Discover the story of Elemiah, an audiovisual production company committed to films that question our times and its issues.","breadcrumb":{"@id":"http:\/\/www.elemiah.fr\/en\/our-story\/#breadcrumb"},"inLanguage":"en-US","potentialAction":[{"@type":"ReadAction","target":["http:\/\/www.elemiah.fr\/en\/our-story\/"]}]},{"@type":"ImageObject","inLanguage":"en-US","@id":"http:\/\/www.elemiah.fr\/en\/our-story\/#primaryimage","url":"http:\/\/www.elemiah.fr\/wp-content\/uploads\/2026\/03\/RB-EMMY.png","contentUrl":"http:\/\/www.elemiah.fr\/wp-content\/uploads\/2026\/03\/RB-EMMY.png"},{"@type":"BreadcrumbList","@id":"http:\/\/www.elemiah.fr\/en\/our-story\/#breadcrumb","itemListElement":[{"@type":"ListItem","position":1,"name":"Accueil","item":"http:\/\/www.elemiah.fr\/en\/"},{"@type":"ListItem","position":2,"name":"Our Story"}]},{"@type":"WebSite","@id":"http:\/\/www.elemiah.fr\/en\/#website","url":"http:\/\/www.elemiah.fr\/en\/","name":"Elemiah","description":"Soci\u00e9t\u00e9 de production de films engag\u00e9s","publisher":{"@id":"http:\/\/www.elemiah.fr\/en\/#organization"},"potentialAction":[{"@type":"SearchAction","target":{"@type":"EntryPoint","urlTemplate":"http:\/\/www.elemiah.fr\/en\/?s={search_term_string}"},"query-input":{"@type":"PropertyValueSpecification","valueRequired":true,"valueName":"search_term_string"}}],"inLanguage":"en-US"},{"@type":"Organization","@id":"http:\/\/www.elemiah.fr\/en\/#organization","name":"Elemiah","url":"http:\/\/www.elemiah.fr\/en\/","logo":{"@type":"ImageObject","inLanguage":"en-US","@id":"http:\/\/www.elemiah.fr\/en\/#\/schema\/logo\/image\/","url":"https:\/\/www.elemiah.fr\/wp-content\/uploads\/2026\/03\/elemiah-logo-black.png","contentUrl":"https:\/\/www.elemiah.fr\/wp-content\/uploads\/2026\/03\/elemiah-logo-black.png","width":1124,"height":370,"caption":"Elemiah"},"image":{"@id":"http:\/\/www.elemiah.fr\/en\/#\/schema\/logo\/image\/"}}]}},"_links":{"self":[{"href":"http:\/\/www.elemiah.fr\/en\/wp-json\/wp\/v2\/pages\/3957","targetHints":{"allow":["GET"]}}],"collection":[{"href":"http:\/\/www.elemiah.fr\/en\/wp-json\/wp\/v2\/pages"}],"about":[{"href":"http:\/\/www.elemiah.fr\/en\/wp-json\/wp\/v2\/types\/page"}],"author":[{"embeddable":true,"href":"http:\/\/www.elemiah.fr\/en\/wp-json\/wp\/v2\/users\/3"}],"replies":[{"embeddable":true,"href":"http:\/\/www.elemiah.fr\/en\/wp-json\/wp\/v2\/comments?post=3957"}],"version-history":[{"count":7,"href":"http:\/\/www.elemiah.fr\/en\/wp-json\/wp\/v2\/pages\/3957\/revisions"}],"predecessor-version":[{"id":3986,"href":"http:\/\/www.elemiah.fr\/en\/wp-json\/wp\/v2\/pages\/3957\/revisions\/3986"}],"wp:attachment":[{"href":"http:\/\/www.elemiah.fr\/en\/wp-json\/wp\/v2\/media?parent=3957"}],"curies":[{"name":"wp","href":"https:\/\/api.w.org\/{rel}","templated":true}]}}