{"id":3952,"date":"2020-03-31T07:28:04","date_gmt":"2020-03-31T06:28:04","guid":{"rendered":"https:\/\/www.elemiah.fr\/contact\/"},"modified":"2026-04-07T09:10:08","modified_gmt":"2026-04-07T08:10:08","slug":"contact","status":"publish","type":"page","link":"http:\/\/www.elemiah.fr\/en\/contact\/","title":{"rendered":"Contact"},"content":{"rendered":"\t\t<div data-elementor-type=\"wp-page\" data-elementor-id=\"3952\" class=\"elementor elementor-3952 elementor-1135\">\n\t\t\t\t\t\t<section class=\"elementor-section elementor-top-section elementor-element elementor-element-5619d24 elementor-section-full_width qodef-in-focus elementor-section-height-default elementor-section-height-default qodef-elementor-content-no\" data-id=\"5619d24\" data-element_type=\"section\" data-e-type=\"section\" data-settings=\"{&quot;background_background&quot;:&quot;classic&quot;}\">\n\t\t\t\t\t\t<div class=\"elementor-container elementor-column-gap-no\">\n\t\t\t\t\t<div class=\"elementor-column elementor-col-100 elementor-top-column elementor-element elementor-element-2cebf14\" data-id=\"2cebf14\" data-element_type=\"column\" data-e-type=\"column\">\n\t\t\t<div class=\"elementor-widget-wrap elementor-element-populated\">\n\t\t\t\t\t\t<div class=\"elementor-element elementor-element-eff474f elementor-widget elementor-widget-google_maps\" data-id=\"eff474f\" data-element_type=\"widget\" data-e-type=\"widget\" data-widget_type=\"google_maps.default\">\n\t\t\t\t\t\t\t<div class=\"elementor-custom-embed\">\n\t\t\t<iframe loading=\"lazy\"\n\t\t\t\t\tsrc=\"https:\/\/maps.google.com\/maps?q=22%20AVENUE%20PIERRE%20IER%20DE%20SERBIE%2075116%20PARIS&#038;t=m&#038;z=14&#038;output=embed&#038;iwloc=near\"\n\t\t\t\t\ttitle=\"22 AVENUE PIERRE IER DE SERBIE 75116 PARIS\"\n\t\t\t\t\taria-label=\"22 AVENUE PIERRE IER DE SERBIE 75116 PARIS\"\n\t\t\t><\/iframe>\n\t\t<\/div>\n\t\t\t\t\t\t<\/div>\n\t\t\t\t\t<\/div>\n\t\t<\/div>\n\t\t\t\t\t<\/div>\n\t\t<\/section>\n\t\t\t\t<section class=\"elementor-section elementor-top-section elementor-element elementor-element-be8613c elementor-section-full_width qodef-elementor-content-grid elementor-section-height-default elementor-section-height-default\" data-id=\"be8613c\" data-element_type=\"section\" data-e-type=\"section\">\n\t\t\t\t\t\t<div class=\"elementor-container elementor-column-gap-no\">\n\t\t\t\t\t<div class=\"elementor-column elementor-col-50 elementor-top-column elementor-element elementor-element-29bd3b7\" data-id=\"29bd3b7\" data-element_type=\"column\" data-e-type=\"column\">\n\t\t\t<div class=\"elementor-widget-wrap elementor-element-populated\">\n\t\t\t\t\t\t<div class=\"elementor-element elementor-element-f0c07ac elementor-widget elementor-widget-pelicula_core_section_title\" data-id=\"f0c07ac\" data-element_type=\"widget\" data-e-type=\"widget\" data-widget_type=\"pelicula_core_section_title.default\">\n\t\t\t\t<div class=\"elementor-widget-container\">\n\t\t\t\t\t<div class=\"qodef-shortcode qodef-m qodef-section-title qodef-alignment--right\" data-holder-options=\"{&quot;line-breaks&quot;:&quot;&quot;}\">\n\t\t<h6 class=\"qodef-m-tagline\" style=\"color: #6D6D6D\">\n\t\tContact\t<\/h6>\n\t    \t<h2 class=\"qodef-m-title\" >\n\t\t\tWould you like to work with us?\t<\/h2>\n    \t<\/div>\t\t\t\t<\/div>\n\t\t\t\t<\/div>\n\t\t\t\t<div class=\"elementor-element elementor-element-ade63ee elementor-widget elementor-widget-spacer\" data-id=\"ade63ee\" data-element_type=\"widget\" data-e-type=\"widget\" data-widget_type=\"spacer.default\">\n\t\t\t\t\t\t\t<div class=\"elementor-spacer\">\n\t\t\t<div class=\"elementor-spacer-inner\"><\/div>\n\t\t<\/div>\n\t\t\t\t\t\t<\/div>\n\t\t\t\t<div class=\"elementor-element elementor-element-453051b elementor-widget elementor-widget-spacer\" data-id=\"453051b\" data-element_type=\"widget\" data-e-type=\"widget\" data-widget_type=\"spacer.default\">\n\t\t\t\t\t\t\t<div class=\"elementor-spacer\">\n\t\t\t<div class=\"elementor-spacer-inner\"><\/div>\n\t\t<\/div>\n\t\t\t\t\t\t<\/div>\n\t\t\t\t\t<\/div>\n\t\t<\/div>\n\t\t\t\t<div class=\"elementor-column elementor-col-50 elementor-top-column elementor-element elementor-element-a4dfd1a\" data-id=\"a4dfd1a\" data-element_type=\"column\" data-e-type=\"column\">\n\t\t\t<div class=\"elementor-widget-wrap elementor-element-populated\">\n\t\t\t\t\t\t<div class=\"elementor-element elementor-element-9453e2e elementor-widget elementor-widget-wp-widget-pelicula_core_contact_form_7\" data-id=\"9453e2e\" data-element_type=\"widget\" data-e-type=\"widget\" data-widget_type=\"wp-widget-pelicula_core_contact_form_7.default\">\n\t\t\t\t<div class=\"elementor-widget-container\">\n\t\t\t\t\t\t\t\t<div class=\"qodef-contact-form-7\">\n\t\t\t\t\n<div class=\"wpcf7 no-js\" id=\"wpcf7-f4008-o1\" lang=\"fr-FR\" dir=\"ltr\" data-wpcf7-id=\"4008\">\n<div class=\"screen-reader-response\"><p role=\"status\" aria-live=\"polite\" aria-atomic=\"true\"><\/p> <ul><\/ul><\/div>\n<form action=\"\/en\/wp-json\/wp\/v2\/pages\/3952#wpcf7-f4008-o1\" method=\"post\" class=\"wpcf7-form init demo\" aria-label=\"Formulaire de contact\" novalidate=\"novalidate\" data-status=\"init\">\n<fieldset class=\"hidden-fields-container\"><input type=\"hidden\" name=\"_wpcf7\" value=\"4008\" \/><input type=\"hidden\" name=\"_wpcf7_version\" value=\"6.1.5\" \/><input type=\"hidden\" name=\"_wpcf7_locale\" value=\"fr_FR\" \/><input type=\"hidden\" name=\"_wpcf7_unit_tag\" value=\"wpcf7-f4008-o1\" \/><input type=\"hidden\" name=\"_wpcf7_container_post\" value=\"0\" \/><input type=\"hidden\" name=\"_wpcf7_posted_data_hash\" value=\"\" \/>\n<\/fieldset>\n<span class=\"wpcf7-form-control-wrap\" data-name=\"your-message\"><textarea cols=\"40\" rows=\"10\" maxlength=\"2000\" class=\"wpcf7-form-control wpcf7-textarea wpcf7-validates-as-required\" aria-required=\"true\" aria-invalid=\"false\" placeholder=\"Tell us about your project, your request, or your collaboration\" name=\"your-message\"><\/textarea><\/span>\n\n<div class=\"qodef-grid qodef-layout--columns qodef-col-num--2 qodef-responsive--predefined\">\n    <div class=\"qodef-grid-inner\">\n        <div class=\"qodef-grid-item\"><span class=\"wpcf7-form-control-wrap\" data-name=\"your-name\"><input size=\"40\" maxlength=\"400\" class=\"wpcf7-form-control wpcf7-text wpcf7-validates-as-required\" aria-required=\"true\" aria-invalid=\"false\" placeholder=\"Your Name\" value=\"\" type=\"text\" name=\"your-name\" \/><\/span><\/div>\n        <div class=\"qodef-grid-item\"><span class=\"wpcf7-form-control-wrap\" data-name=\"your-email\"><input size=\"40\" maxlength=\"400\" class=\"wpcf7-form-control wpcf7-email wpcf7-validates-as-required wpcf7-text wpcf7-validates-as-email\" aria-required=\"true\" aria-invalid=\"false\" placeholder=\"Email\" value=\"\" type=\"email\" name=\"your-email\" \/><\/span><\/div>\n    <\/div>\n<\/div>\n\n<div class=\"qodef-grid qodef-layout--columns qodef-col-num--2 qodef-responsive--predefined\">\n    <div class=\"qodef-grid-inner\">\n        <div class=\"qodef-grid-item\"><span class=\"wpcf7-form-control-wrap\" data-name=\"your-phone\"><input size=\"40\" maxlength=\"400\" class=\"wpcf7-form-control wpcf7-tel wpcf7-text wpcf7-validates-as-tel\" aria-invalid=\"false\" placeholder=\"Phone\" value=\"\" type=\"tel\" name=\"your-phone\" \/><\/span><\/div>\n        <div class=\"qodef-grid-item\"><span class=\"wpcf7-form-control-wrap\" data-name=\"your-company\"><input size=\"40\" maxlength=\"400\" class=\"wpcf7-form-control wpcf7-text\" aria-invalid=\"false\" placeholder=\"Company \/ Organization\" value=\"\" type=\"text\" name=\"your-company\" \/><\/span><\/div>\n    <\/div>\n<\/div>\n\n<span id=\"wpcf7-69d63d21a4456-wrapper\" class=\"wpcf7-form-control-wrap honeypot-191-wrap\" style=\"display:none !important; visibility:hidden !important;\"><label for=\"wpcf7-69d63d21a4456-field\" class=\"hp-message\">Veuillez laisser ce champ vide.<\/label><input id=\"wpcf7-69d63d21a4456-field\"  class=\"wpcf7-form-control wpcf7-text\" type=\"text\" name=\"honeypot-191\" value=\"\" size=\"40\" tabindex=\"-1\" autocomplete=\"new-password\" \/><\/span>\n\n\n\n<span class=\"wpcf7-form-control-wrap\" data-name=\"your-subject\"><input size=\"40\" maxlength=\"400\" class=\"wpcf7-form-control wpcf7-text\" aria-invalid=\"false\" placeholder=\"Subject of your message (optional)\" value=\"\" type=\"text\" name=\"your-subject\" \/><\/span>\n\n<button class=\"wpcf7-form-control wpcf7-submit qodef-size--full-width qodef-button qodef-size--normal qodef-type--filled qodef-m\" type=\"submit\"><span class=\"qodef-m-text\">Send<\/span><\/button><div class=\"wpcf7-response-output\" aria-hidden=\"true\"><\/div>\n<\/form>\n<\/div>\n\t\t\t<\/div>\n\t\t\t\t\t\t\t<\/div>\n\t\t\t\t<\/div>\n\t\t\t\t<div class=\"elementor-element elementor-element-cc6e75f elementor-widget elementor-widget-spacer\" data-id=\"cc6e75f\" data-element_type=\"widget\" data-e-type=\"widget\" data-widget_type=\"spacer.default\">\n\t\t\t\t\t\t\t<div class=\"elementor-spacer\">\n\t\t\t<div class=\"elementor-spacer-inner\"><\/div>\n\t\t<\/div>\n\t\t\t\t\t\t<\/div>\n\t\t\t\t\t<\/div>\n\t\t<\/div>\n\t\t\t\t\t<\/div>\n\t\t<\/section>\n\t\t\t\t<\/div>\n\t\t","protected":false},"excerpt":{"rendered":"<p>Contact Would you like to work with us?<\/p>\n","protected":false},"author":3,"featured_media":0,"parent":0,"menu_order":0,"comment_status":"closed","ping_status":"closed","template":"page-full-width.php","meta":{"footnotes":""},"class_list":["post-3952","page","type-page","status-publish","hentry"],"yoast_head":"<!-- This site is optimized with the Yoast SEO plugin v27.3 - https:\/\/yoast.com\/product\/yoast-seo-wordpress\/ -->\n<title>Contact - Elemiah<\/title>\n<meta name=\"description\" content=\"Contact Elemiah, an audiovisual production company, for your film projects, documentaries, or collaborations.\" \/>\n<meta name=\"robots\" content=\"index, follow, max-snippet:-1, max-image-preview:large, max-video-preview:-1\" \/>\n<link rel=\"canonical\" href=\"http:\/\/www.elemiah.fr\/en\/contact\/\" \/>\n<meta property=\"og:locale\" content=\"en_US\" \/>\n<meta property=\"og:type\" content=\"article\" \/>\n<meta property=\"og:title\" content=\"Contact - Elemiah\" \/>\n<meta property=\"og:description\" content=\"Contact Elemiah, an audiovisual production company, for your film projects, documentaries, or collaborations.\" \/>\n<meta property=\"og:url\" content=\"http:\/\/www.elemiah.fr\/en\/contact\/\" \/>\n<meta property=\"og:site_name\" content=\"Elemiah\" \/>\n<meta property=\"article:modified_time\" content=\"2026-04-07T08:10:08+00:00\" \/>\n<meta name=\"twitter:card\" content=\"summary_large_image\" \/>\n<meta name=\"twitter:label1\" content=\"Est. reading time\" \/>\n\t<meta name=\"twitter:data1\" content=\"1 minute\" \/>\n<script type=\"application\/ld+json\" class=\"yoast-schema-graph\">{\"@context\":\"https:\\\/\\\/schema.org\",\"@graph\":[{\"@type\":\"WebPage\",\"@id\":\"http:\\\/\\\/www.elemiah.fr\\\/en\\\/contact\\\/\",\"url\":\"http:\\\/\\\/www.elemiah.fr\\\/en\\\/contact\\\/\",\"name\":\"Contact - Elemiah\",\"isPartOf\":{\"@id\":\"http:\\\/\\\/www.elemiah.fr\\\/en\\\/#website\"},\"datePublished\":\"2020-03-31T06:28:04+00:00\",\"dateModified\":\"2026-04-07T08:10:08+00:00\",\"description\":\"Contact Elemiah, an audiovisual production company, for your film projects, documentaries, or collaborations.\",\"breadcrumb\":{\"@id\":\"http:\\\/\\\/www.elemiah.fr\\\/en\\\/contact\\\/#breadcrumb\"},\"inLanguage\":\"en-US\",\"potentialAction\":[{\"@type\":\"ReadAction\",\"target\":[\"http:\\\/\\\/www.elemiah.fr\\\/en\\\/contact\\\/\"]}]},{\"@type\":\"BreadcrumbList\",\"@id\":\"http:\\\/\\\/www.elemiah.fr\\\/en\\\/contact\\\/#breadcrumb\",\"itemListElement\":[{\"@type\":\"ListItem\",\"position\":1,\"name\":\"Accueil\",\"item\":\"http:\\\/\\\/www.elemiah.fr\\\/en\\\/\"},{\"@type\":\"ListItem\",\"position\":2,\"name\":\"Contact\"}]},{\"@type\":\"WebSite\",\"@id\":\"http:\\\/\\\/www.elemiah.fr\\\/en\\\/#website\",\"url\":\"http:\\\/\\\/www.elemiah.fr\\\/en\\\/\",\"name\":\"Elemiah\",\"description\":\"Soci\u00e9t\u00e9 de production de films engag\u00e9s\",\"publisher\":{\"@id\":\"http:\\\/\\\/www.elemiah.fr\\\/en\\\/#organization\"},\"potentialAction\":[{\"@type\":\"SearchAction\",\"target\":{\"@type\":\"EntryPoint\",\"urlTemplate\":\"http:\\\/\\\/www.elemiah.fr\\\/en\\\/?s={search_term_string}\"},\"query-input\":{\"@type\":\"PropertyValueSpecification\",\"valueRequired\":true,\"valueName\":\"search_term_string\"}}],\"inLanguage\":\"en-US\"},{\"@type\":\"Organization\",\"@id\":\"http:\\\/\\\/www.elemiah.fr\\\/en\\\/#organization\",\"name\":\"Elemiah\",\"url\":\"http:\\\/\\\/www.elemiah.fr\\\/en\\\/\",\"logo\":{\"@type\":\"ImageObject\",\"inLanguage\":\"en-US\",\"@id\":\"http:\\\/\\\/www.elemiah.fr\\\/en\\\/#\\\/schema\\\/logo\\\/image\\\/\",\"url\":\"https:\\\/\\\/www.elemiah.fr\\\/wp-content\\\/uploads\\\/2026\\\/03\\\/elemiah-logo-black.png\",\"contentUrl\":\"https:\\\/\\\/www.elemiah.fr\\\/wp-content\\\/uploads\\\/2026\\\/03\\\/elemiah-logo-black.png\",\"width\":1124,\"height\":370,\"caption\":\"Elemiah\"},\"image\":{\"@id\":\"http:\\\/\\\/www.elemiah.fr\\\/en\\\/#\\\/schema\\\/logo\\\/image\\\/\"}}]}<\/script>\n<!-- \/ Yoast SEO plugin. -->","yoast_head_json":{"title":"Contact - Elemiah","description":"Contact Elemiah, an audiovisual production company, for your film projects, documentaries, or collaborations.","robots":{"index":"index","follow":"follow","max-snippet":"max-snippet:-1","max-image-preview":"max-image-preview:large","max-video-preview":"max-video-preview:-1"},"canonical":"http:\/\/www.elemiah.fr\/en\/contact\/","og_locale":"en_US","og_type":"article","og_title":"Contact - Elemiah","og_description":"Contact Elemiah, an audiovisual production company, for your film projects, documentaries, or collaborations.","og_url":"http:\/\/www.elemiah.fr\/en\/contact\/","og_site_name":"Elemiah","article_modified_time":"2026-04-07T08:10:08+00:00","twitter_card":"summary_large_image","twitter_misc":{"Est. reading time":"1 minute"},"schema":{"@context":"https:\/\/schema.org","@graph":[{"@type":"WebPage","@id":"http:\/\/www.elemiah.fr\/en\/contact\/","url":"http:\/\/www.elemiah.fr\/en\/contact\/","name":"Contact - Elemiah","isPartOf":{"@id":"http:\/\/www.elemiah.fr\/en\/#website"},"datePublished":"2020-03-31T06:28:04+00:00","dateModified":"2026-04-07T08:10:08+00:00","description":"Contact Elemiah, an audiovisual production company, for your film projects, documentaries, or collaborations.","breadcrumb":{"@id":"http:\/\/www.elemiah.fr\/en\/contact\/#breadcrumb"},"inLanguage":"en-US","potentialAction":[{"@type":"ReadAction","target":["http:\/\/www.elemiah.fr\/en\/contact\/"]}]},{"@type":"BreadcrumbList","@id":"http:\/\/www.elemiah.fr\/en\/contact\/#breadcrumb","itemListElement":[{"@type":"ListItem","position":1,"name":"Accueil","item":"http:\/\/www.elemiah.fr\/en\/"},{"@type":"ListItem","position":2,"name":"Contact"}]},{"@type":"WebSite","@id":"http:\/\/www.elemiah.fr\/en\/#website","url":"http:\/\/www.elemiah.fr\/en\/","name":"Elemiah","description":"Soci\u00e9t\u00e9 de production de films engag\u00e9s","publisher":{"@id":"http:\/\/www.elemiah.fr\/en\/#organization"},"potentialAction":[{"@type":"SearchAction","target":{"@type":"EntryPoint","urlTemplate":"http:\/\/www.elemiah.fr\/en\/?s={search_term_string}"},"query-input":{"@type":"PropertyValueSpecification","valueRequired":true,"valueName":"search_term_string"}}],"inLanguage":"en-US"},{"@type":"Organization","@id":"http:\/\/www.elemiah.fr\/en\/#organization","name":"Elemiah","url":"http:\/\/www.elemiah.fr\/en\/","logo":{"@type":"ImageObject","inLanguage":"en-US","@id":"http:\/\/www.elemiah.fr\/en\/#\/schema\/logo\/image\/","url":"https:\/\/www.elemiah.fr\/wp-content\/uploads\/2026\/03\/elemiah-logo-black.png","contentUrl":"https:\/\/www.elemiah.fr\/wp-content\/uploads\/2026\/03\/elemiah-logo-black.png","width":1124,"height":370,"caption":"Elemiah"},"image":{"@id":"http:\/\/www.elemiah.fr\/en\/#\/schema\/logo\/image\/"}}]}},"_links":{"self":[{"href":"http:\/\/www.elemiah.fr\/en\/wp-json\/wp\/v2\/pages\/3952","targetHints":{"allow":["GET"]}}],"collection":[{"href":"http:\/\/www.elemiah.fr\/en\/wp-json\/wp\/v2\/pages"}],"about":[{"href":"http:\/\/www.elemiah.fr\/en\/wp-json\/wp\/v2\/types\/page"}],"author":[{"embeddable":true,"href":"http:\/\/www.elemiah.fr\/en\/wp-json\/wp\/v2\/users\/3"}],"replies":[{"embeddable":true,"href":"http:\/\/www.elemiah.fr\/en\/wp-json\/wp\/v2\/comments?post=3952"}],"version-history":[{"count":4,"href":"http:\/\/www.elemiah.fr\/en\/wp-json\/wp\/v2\/pages\/3952\/revisions"}],"predecessor-version":[{"id":4011,"href":"http:\/\/www.elemiah.fr\/en\/wp-json\/wp\/v2\/pages\/3952\/revisions\/4011"}],"wp:attachment":[{"href":"http:\/\/www.elemiah.fr\/en\/wp-json\/wp\/v2\/media?parent=3952"}],"curies":[{"name":"wp","href":"https:\/\/api.w.org\/{rel}","templated":true}]}}